{"id":1123,"date":"2024-04-18T09:03:34","date_gmt":"2024-04-18T07:03:34","guid":{"rendered":"https:\/\/ftgmoheda.com\/product\/markberedare\/"},"modified":"2024-10-03T11:43:32","modified_gmt":"2024-10-03T09:43:32","slug":"markberedare","status":"publish","type":"product","link":"https:\/\/ftgmoheda.com\/sv\/produkt\/markberedare\/","title":{"rendered":"Markberedare MB4B"},"content":{"rendered":"<h4>Effektiv markbearbetning med FTG Markberedare MB4B<\/h4>\n<p>FTG markberedare \u00e4r ett ekonomiskt och milj\u00f6v\u00e4nligt redskap som ger plantorna de b\u00e4sta f\u00f6ruts\u00e4ttningarna f\u00f6r en bra etablering och tillv\u00e4xt. Markberedaren arbetar intermittent, dvs. l\u00e5ser gr\u00e4vhjulet, drar med sig den rivna torvan, sl\u00e4pper och gr\u00e4ver p\u00e5 nytt vid n\u00e4sta planteringsyta.<\/p>\n<p>F\u00f6r den sj\u00e4lvverksamma skogs\u00e4garen med traktor \u00e4r detta det mest milj\u00f6v\u00e4nliga s\u00e4ttet att markbereda och det kommer att ge dina skogsplantor den optimala starten. MB4B \u00e4r en fl\u00e4ckmarkberedare som sparar b\u00e5de tid och arbete, oavsett om du planerat sj\u00e4lvs\u00e5dd fr\u00e5n fr\u00f6tallar eller t\u00e4nkt plantera.<\/p>\n<p>Nedan ser du en kort video fr\u00e5n Lantm\u00e4nnen Maskin som beskriver markberedaren p\u00e5 ett bra s\u00e4tt. Tveka inte att kontakta din lokala Lantm\u00e4nnen Maskin-handlare f\u00f6r mer information om MB4B.<\/p>\n<p><iframe loading=\"lazy\" title=\"En liten men effektiv markberedare fr\u00e5n Moheda\" width=\"500\" height=\"281\" src=\"https:\/\/www.youtube.com\/embed\/IK2euSPlP_M?feature=oembed\" frameborder=\"0\" allow=\"accelerometer; autoplay; clipboard-write; encrypted-media; gyroscope; picture-in-picture; web-share\" referrerpolicy=\"strict-origin-when-cross-origin\" allowfullscreen><\/iframe><\/p>\n<p>&nbsp;<\/p>\n","protected":false},"excerpt":{"rendered":"<p>Effektiv markbearbetning med FTG Markberedare MB4B FTG markberedare \u00e4r ett ekonomiskt och milj\u00f6v\u00e4nligt redskap som ger plantorna de b\u00e4sta f\u00f6ruts\u00e4ttningarna f\u00f6r en bra etablering och tillv\u00e4xt. Markberedaren arbetar intermittent, dvs. l\u00e5ser gr\u00e4vhjulet, drar med sig den rivna torvan, sl\u00e4pper och gr\u00e4ver p\u00e5 nytt vid n\u00e4sta planteringsyta. F\u00f6r den sj\u00e4lvverksamma skogs\u00e4garen med traktor \u00e4r detta det [&hellip;]<\/p>\n","protected":false},"featured_media":3326,"comment_status":"closed","ping_status":"closed","template":"","meta":{"_acf_changed":false,"inline_featured_image":false},"product_cat":[50],"product_tag":[],"acf":[],"_links":{"self":[{"href":"https:\/\/ftgmoheda.com\/sv\/wp-json\/wp\/v2\/product\/1123"}],"collection":[{"href":"https:\/\/ftgmoheda.com\/sv\/wp-json\/wp\/v2\/product"}],"about":[{"href":"https:\/\/ftgmoheda.com\/sv\/wp-json\/wp\/v2\/types\/product"}],"replies":[{"embeddable":true,"href":"https:\/\/ftgmoheda.com\/sv\/wp-json\/wp\/v2\/comments?post=1123"}],"wp:featuredmedia":[{"embeddable":true,"href":"https:\/\/ftgmoheda.com\/sv\/wp-json\/wp\/v2\/media\/3326"}],"wp:attachment":[{"href":"https:\/\/ftgmoheda.com\/sv\/wp-json\/wp\/v2\/media?parent=1123"}],"wp:term":[{"taxonomy":"product_cat","embeddable":true,"href":"https:\/\/ftgmoheda.com\/sv\/wp-json\/wp\/v2\/product_cat?post=1123"},{"taxonomy":"product_tag","embeddable":true,"href":"https:\/\/ftgmoheda.com\/sv\/wp-json\/wp\/v2\/product_tag?post=1123"}],"curies":[{"name":"wp","href":"https:\/\/api.w.org\/{rel}","templated":true}]}}