{"id":1127,"date":"2024-04-18T08:54:24","date_gmt":"2024-04-18T08:54:24","guid":{"rendered":"https:\/\/ftgmoheda.com\/product\/nisula-energigrip-285e\/"},"modified":"2024-04-28T18:37:53","modified_gmt":"2024-04-28T18:37:53","slug":"nisula-energigrip-285e","status":"publish","type":"product","link":"https:\/\/ftgmoheda.com\/sv\/produkt\/nisula-energigrip-285e\/","title":{"rendered":"Nisula Energigrip 285E"},"content":{"rendered":"<p>Modellen 285E \u00e4r ett l\u00e4ttare alternativ utan separat ackumulerande grip.<\/p>\n<p>Med hj\u00e4lp samlingsklorna som \u00e4r placerade p\u00e5 gripens ram \u00e4r g\u00e5r det effektivt att g\u00f6ra och sortera energived. Denna grip \u00e4r \u00e4ven r\u00e4tt val f\u00f6r mindre lastare d\u00e4r gripen ska vara s\u00e5 l\u00e4tt som m\u00f6jligt.<\/p>\n<p>De ackumulerande energigriparna \u00e4r konstruerade f\u00f6r yrkesm\u00e4ssig sk\u00f6rdning av sm\u00e5tr\u00e4d, med vilka f\u00e4llning, buntning och lastning sker enkelt och bekv\u00e4mt. Beroende p\u00e5 basmaskinen kan man utf\u00f6ra hela sk\u00f6rdeprocessen f\u00f6r sm\u00e5tr\u00e4d, fr\u00e5n st\u00e5ende tr\u00e4d till v\u00e4gkanten, utan att byta grip. Gripens konstruktion g\u00f6r det l\u00e4tt att gripa tr\u00e4d och buskar, samt alla tr\u00e4d och kvistar styrs s\u00e4kert till saxbladen.<\/p>\n","protected":false},"excerpt":{"rendered":"<p>Modellen 285E \u00e4r ett l\u00e4ttare alternativ utan separat ackumulerande grip. Med hj\u00e4lp samlingsklorna som \u00e4r placerade p\u00e5 gripens ram \u00e4r g\u00e5r det effektivt att g\u00f6ra och sortera energived. Denna grip \u00e4r \u00e4ven r\u00e4tt val f\u00f6r mindre lastare d\u00e4r gripen ska vara s\u00e5 l\u00e4tt som m\u00f6jligt. De ackumulerande energigriparna \u00e4r konstruerade f\u00f6r yrkesm\u00e4ssig sk\u00f6rdning av sm\u00e5tr\u00e4d, [&hellip;]<\/p>\n","protected":false},"featured_media":1908,"comment_status":"closed","ping_status":"closed","template":"","meta":{"_acf_changed":false,"inline_featured_image":false},"product_cat":[27],"product_tag":[],"acf":[],"_links":{"self":[{"href":"https:\/\/ftgmoheda.com\/sv\/wp-json\/wp\/v2\/product\/1127"}],"collection":[{"href":"https:\/\/ftgmoheda.com\/sv\/wp-json\/wp\/v2\/product"}],"about":[{"href":"https:\/\/ftgmoheda.com\/sv\/wp-json\/wp\/v2\/types\/product"}],"replies":[{"embeddable":true,"href":"https:\/\/ftgmoheda.com\/sv\/wp-json\/wp\/v2\/comments?post=1127"}],"wp:featuredmedia":[{"embeddable":true,"href":"https:\/\/ftgmoheda.com\/sv\/wp-json\/wp\/v2\/media\/1908"}],"wp:attachment":[{"href":"https:\/\/ftgmoheda.com\/sv\/wp-json\/wp\/v2\/media?parent=1127"}],"wp:term":[{"taxonomy":"product_cat","embeddable":true,"href":"https:\/\/ftgmoheda.com\/sv\/wp-json\/wp\/v2\/product_cat?post=1127"},{"taxonomy":"product_tag","embeddable":true,"href":"https:\/\/ftgmoheda.com\/sv\/wp-json\/wp\/v2\/product_tag?post=1127"}],"curies":[{"name":"wp","href":"https:\/\/api.w.org\/{rel}","templated":true}]}}