{"id":1128,"date":"2024-04-18T08:51:43","date_gmt":"2024-04-18T08:51:43","guid":{"rendered":"https:\/\/ftgmoheda.com\/product\/nisula-energigrip-205e\/"},"modified":"2024-04-28T18:37:53","modified_gmt":"2024-04-28T18:37:53","slug":"nisula-energigrip-205e","status":"publish","type":"product","link":"https:\/\/ftgmoheda.com\/sv\/produkt\/nisula-energigrip-205e\/","title":{"rendered":"Nisula Energigrip 205E"},"content":{"rendered":"<p>Modellen 205E \u00e4r en uppdaterad version av modellen Nisula 200E.<\/p>\n<p>Det justerbara blocket underl\u00e4ttar inst\u00e4llning av tiltning f\u00f6r olika tryck. Utrusta din basmaskin f\u00f6r sk\u00f6rdning av energiskog utan n\u00e5gra st\u00f6rre monteringsarbeten och modifieringar genom att helt enkelt byta ut den vanliga gripen mot en 205E-grip.<\/p>\n<p>Gripens tv\u00e5 kloformade armar s\u00e4kerst\u00e4ller att bladen sk\u00e4r igenom alla gripna stammar. Vid lastning trycks gripen v\u00e4l ihop runt energivedsh\u00f6garna och den stora tryckkraften s\u00e4kerst\u00e4ller enkel och effektiv hantering av \u00e4ven stora buntar. Jord och stenar f\u00f6ljer inte med, och kvistar fastnar inte i gripen.<\/p>\n","protected":false},"excerpt":{"rendered":"<p>Modellen 205E \u00e4r en uppdaterad version av modellen Nisula 200E. Det justerbara blocket underl\u00e4ttar inst\u00e4llning av tiltning f\u00f6r olika tryck. Utrusta din basmaskin f\u00f6r sk\u00f6rdning av energiskog utan n\u00e5gra st\u00f6rre monteringsarbeten och modifieringar genom att helt enkelt byta ut den vanliga gripen mot en 205E-grip. Gripens tv\u00e5 kloformade armar s\u00e4kerst\u00e4ller att bladen sk\u00e4r igenom alla [&hellip;]<\/p>\n","protected":false},"featured_media":1037,"comment_status":"closed","ping_status":"closed","template":"","meta":{"_acf_changed":false,"inline_featured_image":false},"product_cat":[27],"product_tag":[],"acf":[],"_links":{"self":[{"href":"https:\/\/ftgmoheda.com\/sv\/wp-json\/wp\/v2\/product\/1128"}],"collection":[{"href":"https:\/\/ftgmoheda.com\/sv\/wp-json\/wp\/v2\/product"}],"about":[{"href":"https:\/\/ftgmoheda.com\/sv\/wp-json\/wp\/v2\/types\/product"}],"replies":[{"embeddable":true,"href":"https:\/\/ftgmoheda.com\/sv\/wp-json\/wp\/v2\/comments?post=1128"}],"wp:featuredmedia":[{"embeddable":true,"href":"https:\/\/ftgmoheda.com\/sv\/wp-json\/wp\/v2\/media\/1037"}],"wp:attachment":[{"href":"https:\/\/ftgmoheda.com\/sv\/wp-json\/wp\/v2\/media?parent=1128"}],"wp:term":[{"taxonomy":"product_cat","embeddable":true,"href":"https:\/\/ftgmoheda.com\/sv\/wp-json\/wp\/v2\/product_cat?post=1128"},{"taxonomy":"product_tag","embeddable":true,"href":"https:\/\/ftgmoheda.com\/sv\/wp-json\/wp\/v2\/product_tag?post=1128"}],"curies":[{"name":"wp","href":"https:\/\/api.w.org\/{rel}","templated":true}]}}