{"id":1129,"date":"2024-04-18T08:49:38","date_gmt":"2024-04-18T08:49:38","guid":{"rendered":"https:\/\/ftgmoheda.com\/product\/nisula-energigrip-175e\/"},"modified":"2024-04-28T18:37:53","modified_gmt":"2024-04-28T18:37:53","slug":"nisula-energigrip-175e","status":"publish","type":"product","link":"https:\/\/ftgmoheda.com\/sv\/produkt\/nisula-energigrip-175e\/","title":{"rendered":"Nisula Energigrip 175E"},"content":{"rendered":"<p>Modellen 175E \u00e4r utrustad med breda griparmar f\u00f6r att f\u00f6rb\u00e4ttra lastningskapaciteten. Armarna med pl\u00e4terade<\/p>\n<p>\u00e4ndar kan gripa alla stammar, \u00e4ven tr\u00e4dbuntar och buskar, och flytta dem till kapningsbladen. Sv\u00e4ngfunktionen kan justeras till en l\u00e4mplig tryckniv\u00e5 f\u00f6r lastaren med hj\u00e4lp av en enkelt justerbar ventil.<\/p>\n<p>I modellen 175EV kan tiltningsriktningen \u00e4ndras med hj\u00e4lp av en tiltriktningsventil. Funktionen m\u00f6jligg\u00f6r anv\u00e4ndning f\u00f6r arbeten s\u00e5som uppf\u00f6rande av stolpar. EV-modellen g\u00f6r anv\u00e4ndningen av gripen \u00e4nnu mer m\u00e5ngsidig.<\/p>\n<p>Med hj\u00e4lp av adapterserierna, som s\u00e4ljs separat, kan gripen l\u00e4tt anpassas att ers\u00e4tta n\u00e4stan alla virkesgripar. Separata styrsystem och extra slangar beh\u00f6vs inte.<\/p>\n","protected":false},"excerpt":{"rendered":"<p>Modellen 175E \u00e4r utrustad med breda griparmar f\u00f6r att f\u00f6rb\u00e4ttra lastningskapaciteten. Armarna med pl\u00e4terade \u00e4ndar kan gripa alla stammar, \u00e4ven tr\u00e4dbuntar och buskar, och flytta dem till kapningsbladen. Sv\u00e4ngfunktionen kan justeras till en l\u00e4mplig tryckniv\u00e5 f\u00f6r lastaren med hj\u00e4lp av en enkelt justerbar ventil. I modellen 175EV kan tiltningsriktningen \u00e4ndras med hj\u00e4lp av en tiltriktningsventil. [&hellip;]<\/p>\n","protected":false},"featured_media":1030,"comment_status":"closed","ping_status":"closed","template":"","meta":{"_acf_changed":false,"inline_featured_image":false},"product_cat":[27],"product_tag":[],"acf":[],"_links":{"self":[{"href":"https:\/\/ftgmoheda.com\/sv\/wp-json\/wp\/v2\/product\/1129"}],"collection":[{"href":"https:\/\/ftgmoheda.com\/sv\/wp-json\/wp\/v2\/product"}],"about":[{"href":"https:\/\/ftgmoheda.com\/sv\/wp-json\/wp\/v2\/types\/product"}],"replies":[{"embeddable":true,"href":"https:\/\/ftgmoheda.com\/sv\/wp-json\/wp\/v2\/comments?post=1129"}],"wp:featuredmedia":[{"embeddable":true,"href":"https:\/\/ftgmoheda.com\/sv\/wp-json\/wp\/v2\/media\/1030"}],"wp:attachment":[{"href":"https:\/\/ftgmoheda.com\/sv\/wp-json\/wp\/v2\/media?parent=1129"}],"wp:term":[{"taxonomy":"product_cat","embeddable":true,"href":"https:\/\/ftgmoheda.com\/sv\/wp-json\/wp\/v2\/product_cat?post=1129"},{"taxonomy":"product_tag","embeddable":true,"href":"https:\/\/ftgmoheda.com\/sv\/wp-json\/wp\/v2\/product_tag?post=1129"}],"curies":[{"name":"wp","href":"https:\/\/api.w.org\/{rel}","templated":true}]}}