{"id":1131,"date":"2024-04-18T08:45:16","date_gmt":"2024-04-18T08:45:16","guid":{"rendered":"https:\/\/ftgmoheda.com\/product\/nisula-energigrip-105e\/"},"modified":"2024-04-28T18:37:53","modified_gmt":"2024-04-28T18:37:53","slug":"nisula-energigrip-105e","status":"publish","type":"product","link":"https:\/\/ftgmoheda.com\/sv\/produkt\/nisula-energigrip-105e\/","title":{"rendered":"Nisula Energigrip 105E"},"content":{"rendered":"<p>Nisula 105E f\u00f6renar en enkel konstruktion med material av h\u00f6gsta kvalitet. Konstruktionen \u00e4r l\u00e4tt och h\u00e5llbar, och tack vare den kan en maskin utrustad med liten lastare anv\u00e4ndas f\u00f6r sk\u00f6rdning av energiskog. Den patenterade sv\u00e4ngningsfunktionen av ny typ g\u00f6r gripen snabb och smidig.<\/p>\n<p>Med hj\u00e4lp av adapterserierna, som s\u00e4ljs separat, kan gripen l\u00e4tt anpassas att ers\u00e4tta n\u00e4stan alla virkesgripar. Separata styrsystem och extra slangar beh\u00f6vs inte.<\/p>\n","protected":false},"excerpt":{"rendered":"<p>Nisula 105E f\u00f6renar en enkel konstruktion med material av h\u00f6gsta kvalitet. Konstruktionen \u00e4r l\u00e4tt och h\u00e5llbar, och tack vare den kan en maskin utrustad med liten lastare anv\u00e4ndas f\u00f6r sk\u00f6rdning av energiskog. Den patenterade sv\u00e4ngningsfunktionen av ny typ g\u00f6r gripen snabb och smidig. Med hj\u00e4lp av adapterserierna, som s\u00e4ljs separat, kan gripen l\u00e4tt anpassas att [&hellip;]<\/p>\n","protected":false},"featured_media":1013,"comment_status":"closed","ping_status":"closed","template":"","meta":{"_acf_changed":false,"inline_featured_image":false},"product_cat":[27],"product_tag":[],"acf":[],"_links":{"self":[{"href":"https:\/\/ftgmoheda.com\/sv\/wp-json\/wp\/v2\/product\/1131"}],"collection":[{"href":"https:\/\/ftgmoheda.com\/sv\/wp-json\/wp\/v2\/product"}],"about":[{"href":"https:\/\/ftgmoheda.com\/sv\/wp-json\/wp\/v2\/types\/product"}],"replies":[{"embeddable":true,"href":"https:\/\/ftgmoheda.com\/sv\/wp-json\/wp\/v2\/comments?post=1131"}],"wp:featuredmedia":[{"embeddable":true,"href":"https:\/\/ftgmoheda.com\/sv\/wp-json\/wp\/v2\/media\/1013"}],"wp:attachment":[{"href":"https:\/\/ftgmoheda.com\/sv\/wp-json\/wp\/v2\/media?parent=1131"}],"wp:term":[{"taxonomy":"product_cat","embeddable":true,"href":"https:\/\/ftgmoheda.com\/sv\/wp-json\/wp\/v2\/product_cat?post=1131"},{"taxonomy":"product_tag","embeddable":true,"href":"https:\/\/ftgmoheda.com\/sv\/wp-json\/wp\/v2\/product_tag?post=1131"}],"curies":[{"name":"wp","href":"https:\/\/api.w.org\/{rel}","templated":true}]}}