{"id":1136,"date":"2024-04-18T08:32:45","date_gmt":"2024-04-18T06:32:45","guid":{"rendered":"https:\/\/ftgmoheda.com\/product\/3-skarig-buren-vagsladd\/"},"modified":"2025-09-08T10:35:34","modified_gmt":"2025-09-08T08:35:34","slug":"3-skarig-buren-vagsladd","status":"publish","type":"product","link":"https:\/\/ftgmoheda.com\/sv\/produkt\/3-skarig-buren-vagsladd\/","title":{"rendered":"3-sk\u00e4rig bogserad v\u00e4gsladd"},"content":{"rendered":"<p>3-sk\u00e4rig bogserad v\u00e4gsladd med hydraulisk ramstyrning och str\u00e4ngspridare med st\u00e4llbart b\u00e4rhjul.<\/p>\n","protected":false},"excerpt":{"rendered":"<p>3-sk\u00e4rig bogserad v\u00e4gsladd med hydraulisk ramstyrning och str\u00e4ngspridare med st\u00e4llbart b\u00e4rhjul.<\/p>\n","protected":false},"featured_media":951,"comment_status":"closed","ping_status":"closed","template":"","meta":{"_acf_changed":false,"inline_featured_image":false},"product_cat":[49],"product_tag":[],"acf":[],"_links":{"self":[{"href":"https:\/\/ftgmoheda.com\/sv\/wp-json\/wp\/v2\/product\/1136"}],"collection":[{"href":"https:\/\/ftgmoheda.com\/sv\/wp-json\/wp\/v2\/product"}],"about":[{"href":"https:\/\/ftgmoheda.com\/sv\/wp-json\/wp\/v2\/types\/product"}],"replies":[{"embeddable":true,"href":"https:\/\/ftgmoheda.com\/sv\/wp-json\/wp\/v2\/comments?post=1136"}],"wp:featuredmedia":[{"embeddable":true,"href":"https:\/\/ftgmoheda.com\/sv\/wp-json\/wp\/v2\/media\/951"}],"wp:attachment":[{"href":"https:\/\/ftgmoheda.com\/sv\/wp-json\/wp\/v2\/media?parent=1136"}],"wp:term":[{"taxonomy":"product_cat","embeddable":true,"href":"https:\/\/ftgmoheda.com\/sv\/wp-json\/wp\/v2\/product_cat?post=1136"},{"taxonomy":"product_tag","embeddable":true,"href":"https:\/\/ftgmoheda.com\/sv\/wp-json\/wp\/v2\/product_tag?post=1136"}],"curies":[{"name":"wp","href":"https:\/\/api.w.org\/{rel}","templated":true}]}}