{"id":1137,"date":"2024-04-18T08:20:38","date_gmt":"2024-04-18T06:20:38","guid":{"rendered":"https:\/\/ftgmoheda.com\/product\/2-skarig-buren-vagsladd\/"},"modified":"2025-09-26T08:50:40","modified_gmt":"2025-09-26T06:50:40","slug":"2-skarig-buren-vagsladd","status":"publish","type":"product","link":"https:\/\/ftgmoheda.com\/sv\/produkt\/2-skarig-buren-vagsladd\/","title":{"rendered":"2-sk\u00e4rig buren v\u00e4gsladd"},"content":{"rendered":"<p>V\u00e4gsladd med 2 sk\u00e4r plus str\u00e4ngspridare. H\u00f6ga blad g\u00f6r det m\u00f6jligt att ta med st\u00f6rre m\u00e4ngder grus. Perfekt \u00e4ven f\u00f6r dig som har en lite mindre eller \u00e4ldre traktor.<\/p>\n","protected":false},"excerpt":{"rendered":"<p>V\u00e4gsladd med 2 sk\u00e4r plus str\u00e4ngspridare. H\u00f6ga blad g\u00f6r det m\u00f6jligt att ta med st\u00f6rre m\u00e4ngder grus. Perfekt \u00e4ven f\u00f6r dig som har en lite mindre eller \u00e4ldre traktor.<\/p>\n","protected":false},"featured_media":938,"comment_status":"closed","ping_status":"closed","template":"","meta":{"_acf_changed":false,"inline_featured_image":false},"product_cat":[49],"product_tag":[],"acf":[],"_links":{"self":[{"href":"https:\/\/ftgmoheda.com\/sv\/wp-json\/wp\/v2\/product\/1137"}],"collection":[{"href":"https:\/\/ftgmoheda.com\/sv\/wp-json\/wp\/v2\/product"}],"about":[{"href":"https:\/\/ftgmoheda.com\/sv\/wp-json\/wp\/v2\/types\/product"}],"replies":[{"embeddable":true,"href":"https:\/\/ftgmoheda.com\/sv\/wp-json\/wp\/v2\/comments?post=1137"}],"wp:featuredmedia":[{"embeddable":true,"href":"https:\/\/ftgmoheda.com\/sv\/wp-json\/wp\/v2\/media\/938"}],"wp:attachment":[{"href":"https:\/\/ftgmoheda.com\/sv\/wp-json\/wp\/v2\/media?parent=1137"}],"wp:term":[{"taxonomy":"product_cat","embeddable":true,"href":"https:\/\/ftgmoheda.com\/sv\/wp-json\/wp\/v2\/product_cat?post=1137"},{"taxonomy":"product_tag","embeddable":true,"href":"https:\/\/ftgmoheda.com\/sv\/wp-json\/wp\/v2\/product_tag?post=1137"}],"curies":[{"name":"wp","href":"https:\/\/api.w.org\/{rel}","templated":true}]}}