{"id":1198,"date":"2024-04-17T18:05:49","date_gmt":"2024-04-17T18:05:49","guid":{"rendered":"https:\/\/ftgmoheda.com\/product\/grip-g210s\/"},"modified":"2024-04-17T18:05:49","modified_gmt":"2024-04-17T18:05:49","slug":"grip-g210s","status":"publish","type":"product","link":"https:\/\/ftgmoheda.com\/sv\/produkt\/grip-g210s\/","title":{"rendered":"Grip G210S"},"content":{"rendered":"<p>G210S \u00e4r en popul\u00e4r symetrisk grip f\u00f6r de medelstora och st\u00f6rre kranarna och ger en mjuk inrullning. Axeltapp 49 alt 59 mm. Passar Moheda K35, K41T, M40, M50, M60 Mowi P30, P30T, P40, P40T, P50, P50T<\/p>\n","protected":false},"excerpt":{"rendered":"<p>G210S \u00e4r en popul\u00e4r symetrisk grip f\u00f6r de medelstora och st\u00f6rre kranarna och ger en mjuk inrullning. Axeltapp 49 alt 59 mm. Passar Moheda K35, K41T, M40, M50, M60 Mowi P30, P30T, P40, P40T, P50, P50T<\/p>\n","protected":false},"featured_media":846,"comment_status":"closed","ping_status":"closed","template":"","meta":{"_acf_changed":false,"inline_featured_image":false},"product_cat":[27],"product_tag":[],"acf":[],"_links":{"self":[{"href":"https:\/\/ftgmoheda.com\/sv\/wp-json\/wp\/v2\/product\/1198"}],"collection":[{"href":"https:\/\/ftgmoheda.com\/sv\/wp-json\/wp\/v2\/product"}],"about":[{"href":"https:\/\/ftgmoheda.com\/sv\/wp-json\/wp\/v2\/types\/product"}],"replies":[{"embeddable":true,"href":"https:\/\/ftgmoheda.com\/sv\/wp-json\/wp\/v2\/comments?post=1198"}],"wp:featuredmedia":[{"embeddable":true,"href":"https:\/\/ftgmoheda.com\/sv\/wp-json\/wp\/v2\/media\/846"}],"wp:attachment":[{"href":"https:\/\/ftgmoheda.com\/sv\/wp-json\/wp\/v2\/media?parent=1198"}],"wp:term":[{"taxonomy":"product_cat","embeddable":true,"href":"https:\/\/ftgmoheda.com\/sv\/wp-json\/wp\/v2\/product_cat?post=1198"},{"taxonomy":"product_tag","embeddable":true,"href":"https:\/\/ftgmoheda.com\/sv\/wp-json\/wp\/v2\/product_tag?post=1198"}],"curies":[{"name":"wp","href":"https:\/\/api.w.org\/{rel}","templated":true}]}}