{"id":1202,"date":"2024-04-17T17:57:47","date_gmt":"2024-04-17T17:57:47","guid":{"rendered":"https:\/\/ftgmoheda.com\/product\/grip-fb160\/"},"modified":"2024-04-21T14:51:56","modified_gmt":"2024-04-21T14:51:56","slug":"grip-fb160","status":"publish","type":"product","link":"https:\/\/ftgmoheda.com\/sv\/produkt\/grip-fb160\/","title":{"rendered":"Grip FB160"},"content":{"rendered":"<p>M81DT &#8211; en kran med styrka och r\u00e4ckvidd de mest kr\u00e4vande behoven. Moheda M81DT \u00e4r avsedd f\u00f6r Moheda M151 4WD. Kranen s\u00e4ljs \u00e4ven till traktormontage och till OEM kunder f\u00f6r montering p\u00e5mellanstora skogsmaskiner. M81DT har en m\u00e4ngd f\u00f6rb\u00e4ttrade egenskaper: l\u00e4ngre r\u00e4ckvidd, h\u00f6gre lyftmoment, starkare vridkraft och b\u00e4ttre r\u00f6relsem\u00f6nster. Kranen har ett nyutvecklat dubbelteleskop med skyddad slangdragning. M81DT har en r\u00e4ckvidd p\u00e5 9,4 m och lyfter 500 kg p\u00e5 max r\u00e4ckvidd och 1 250 kg p\u00e5 4 m. Sv\u00e4ngkraften \u00f6kas med 75 %, till 21 kNm. Som standard \u00e4r kranen utrustad med Hultdins supergrip 260, rotator CR600 med bromsad l\u00e4nk och flerspakventil. Det finns en m\u00e4ngd olika ventilpaket och tillbeh\u00f6r att v\u00e4lja mellan.<\/p>\n","protected":false},"excerpt":{"rendered":"<p>M81DT &#8211; en kran med styrka och r\u00e4ckvidd de mest kr\u00e4vande behoven. Moheda M81DT \u00e4r avsedd f\u00f6r Moheda M151 4WD. Kranen s\u00e4ljs \u00e4ven till traktormontage och till OEM kunder f\u00f6r montering p\u00e5mellanstora skogsmaskiner. M81DT har en m\u00e4ngd f\u00f6rb\u00e4ttrade egenskaper: l\u00e4ngre r\u00e4ckvidd, h\u00f6gre lyftmoment, starkare vridkraft och b\u00e4ttre r\u00f6relsem\u00f6nster. Kranen har ett nyutvecklat dubbelteleskop med skyddad [&hellip;]<\/p>\n","protected":false},"featured_media":833,"comment_status":"closed","ping_status":"closed","template":"","meta":{"_acf_changed":false,"inline_featured_image":false},"product_cat":[27],"product_tag":[],"acf":[],"_links":{"self":[{"href":"https:\/\/ftgmoheda.com\/sv\/wp-json\/wp\/v2\/product\/1202"}],"collection":[{"href":"https:\/\/ftgmoheda.com\/sv\/wp-json\/wp\/v2\/product"}],"about":[{"href":"https:\/\/ftgmoheda.com\/sv\/wp-json\/wp\/v2\/types\/product"}],"replies":[{"embeddable":true,"href":"https:\/\/ftgmoheda.com\/sv\/wp-json\/wp\/v2\/comments?post=1202"}],"wp:featuredmedia":[{"embeddable":true,"href":"https:\/\/ftgmoheda.com\/sv\/wp-json\/wp\/v2\/media\/833"}],"wp:attachment":[{"href":"https:\/\/ftgmoheda.com\/sv\/wp-json\/wp\/v2\/media?parent=1202"}],"wp:term":[{"taxonomy":"product_cat","embeddable":true,"href":"https:\/\/ftgmoheda.com\/sv\/wp-json\/wp\/v2\/product_cat?post=1202"},{"taxonomy":"product_tag","embeddable":true,"href":"https:\/\/ftgmoheda.com\/sv\/wp-json\/wp\/v2\/product_tag?post=1202"}],"curies":[{"name":"wp","href":"https:\/\/api.w.org\/{rel}","templated":true}]}}