{"id":1208,"date":"2024-04-17T17:43:30","date_gmt":"2024-04-17T15:43:30","guid":{"rendered":"https:\/\/ftgmoheda.com\/product\/skogskran-m51t\/"},"modified":"2025-11-10T16:39:31","modified_gmt":"2025-11-10T14:39:31","slug":"skogskran-m51t","status":"publish","type":"product","link":"https:\/\/ftgmoheda.com\/sv\/produkt\/skogskran-m51t\/","title":{"rendered":"Skogskran M51T"},"content":{"rendered":"<p>Moheda M51T \u00e4r avsedd f\u00f6r Mohedavagnarna <a href=\"https:\/\/ftgmoheda.com\/sv\/produkt\/skogsvagn-m121\/\">M121<\/a>, <a href=\"https:\/\/ftgmoheda.com\/sv\/produkt\/skogsvagn-m141\/\">M141<\/a>, <a href=\"https:\/\/ftgmoheda.com\/sv\/produkt\/skogsvagn-m121-4wd\/\">M121-4WD<\/a>, <a href=\"https:\/\/ftgmoheda.com\/sv\/produkt\/skogsvagn-m121-2nd\/\">M121-2ND<\/a> och <a href=\"https:\/\/ftgmoheda.com\/sv\/produkt\/skogsvagn-m141-4wd\/\">M141-4WD<\/a><\/p>\n<p>Kranen M51T \u00e4r kraftfull med l\u00e5ng r\u00e4ckvidd. Den \u00e4r utrustad med en teleskoparm med en r\u00e4ckvidd\/lyftkraft p\u00e5 7,5 m\/500 kg och en sv\u00e4ngkraft p\u00e5 16 kNm<\/p>\n<p>L\u00e4nksystem och \u00f6vermonterad lyftcylinder f\u00f6r b\u00e4ttre r\u00f6relsem\u00f6nster och den har ett lyftmoment p\u00e5 55 kNm. Kranen har en \u201dvinklad\u201d lyftarm som g\u00f6r att du kan parkera kranen stabilt mot vagnen. Detta g\u00f6r \u00e4ven kranen starkare i vagnens n\u00e4romr\u00e5de.<\/p>\n<p>Som standard \u00e4r den utrustad med <a href=\"https:\/\/ftgmoheda.com\/sv\/produkt\/rotator-cr-400-2\/\">CR400 rotator<\/a> med bromsad l\u00e4nk, <a href=\"https:\/\/ftgmoheda.com\/sv\/produkt\/virkesgrip-fb210\/\">FB210 grip<\/a> och flerspaksventil.<\/p>\n","protected":false},"excerpt":{"rendered":"<p>Moheda M51T \u00e4r avsedd f\u00f6r Mohedavagnarna M121, M141, M121-4WD, M121-2ND och M141-4WD Kranen M51T \u00e4r kraftfull med l\u00e5ng r\u00e4ckvidd. Den \u00e4r utrustad med en teleskoparm med en r\u00e4ckvidd\/lyftkraft p\u00e5 7,5 m\/500 kg och en sv\u00e4ngkraft p\u00e5 16 kNm L\u00e4nksystem och \u00f6vermonterad lyftcylinder f\u00f6r b\u00e4ttre r\u00f6relsem\u00f6nster och den har ett lyftmoment p\u00e5 55 kNm. Kranen har [&hellip;]<\/p>\n","protected":false},"featured_media":602,"comment_status":"closed","ping_status":"closed","template":"","meta":{"_acf_changed":false,"inline_featured_image":false},"product_cat":[35],"product_tag":[],"acf":[],"_links":{"self":[{"href":"https:\/\/ftgmoheda.com\/sv\/wp-json\/wp\/v2\/product\/1208"}],"collection":[{"href":"https:\/\/ftgmoheda.com\/sv\/wp-json\/wp\/v2\/product"}],"about":[{"href":"https:\/\/ftgmoheda.com\/sv\/wp-json\/wp\/v2\/types\/product"}],"replies":[{"embeddable":true,"href":"https:\/\/ftgmoheda.com\/sv\/wp-json\/wp\/v2\/comments?post=1208"}],"wp:featuredmedia":[{"embeddable":true,"href":"https:\/\/ftgmoheda.com\/sv\/wp-json\/wp\/v2\/media\/602"}],"wp:attachment":[{"href":"https:\/\/ftgmoheda.com\/sv\/wp-json\/wp\/v2\/media?parent=1208"}],"wp:term":[{"taxonomy":"product_cat","embeddable":true,"href":"https:\/\/ftgmoheda.com\/sv\/wp-json\/wp\/v2\/product_cat?post=1208"},{"taxonomy":"product_tag","embeddable":true,"href":"https:\/\/ftgmoheda.com\/sv\/wp-json\/wp\/v2\/product_tag?post=1208"}],"curies":[{"name":"wp","href":"https:\/\/api.w.org\/{rel}","templated":true}]}}