{"id":1210,"date":"2024-04-17T17:35:20","date_gmt":"2024-04-17T15:35:20","guid":{"rendered":"https:\/\/ftgmoheda.com\/product\/skogskran-m41t\/"},"modified":"2025-10-29T12:33:17","modified_gmt":"2025-10-29T10:33:17","slug":"skogskran-m41t","status":"publish","type":"product","link":"https:\/\/ftgmoheda.com\/sv\/produkt\/skogskran-m41t\/","title":{"rendered":"Skogskran M41T"},"content":{"rendered":"<p>Moheda M41T \u00e4r avsedd f\u00f6r Mohedavagnarna <a href=\"https:\/\/ftgmoheda.com\/sv\/produkt\/skogsvagn-m101\/\">M101<\/a>, <a href=\"https:\/\/ftgmoheda.com\/sv\/produkt\/skogsvagn-m121\/\">M121<\/a>, <a href=\"https:\/\/ftgmoheda.com\/sv\/produkt\/skogsvagn-m101-4wd\/\">M101-4WD<\/a>, <a href=\"https:\/\/ftgmoheda.com\/sv\/produkt\/skogsvagn-m121-2nd\/\">M121-2ND<\/a> och <a href=\"https:\/\/ftgmoheda.com\/sv\/produkt\/skogsvagn-m121-4wd\/\">M121-4WD<\/a>.<\/p>\n<p>Kranen M41T \u00e4r f\u00f6r dig som beh\u00f6ver extra r\u00e4ckvidd och styrka. Den \u00e4r utrustad med teleskoparm med en r\u00e4ckvidd\/lyftkraft p\u00e5 6,9 m\/450 kg och en sv\u00e4ngkraft p\u00e5 11 kNm<\/p>\n<p>L\u00e4nksystem och \u00f6vermonterad lyftcylinder f\u00f6r b\u00e4ttre r\u00f6relsem\u00f6nster och den har ett lyftmoment p\u00e5 43 kNm. Kranen har en \u201dvinklad\u201d lyftarm som g\u00f6r att du kan parkera kranen stabilt mot vagnen. Detta g\u00f6r \u00e4ven kranen starkare i vagnens n\u00e4romr\u00e5de.<\/p>\n<p>Som standard \u00e4r den utrustad med <a href=\"https:\/\/ftgmoheda.com\/sv\/produkt\/rotator-cr-300-2\/\">CR300 rotator<\/a> med bromsad l\u00e4nk, <a href=\"https:\/\/ftgmoheda.com\/sv\/produkt\/virkesgrip-fb190wf\/\">FB190WF grip<\/a> och flerspaksventil.<\/p>\n","protected":false},"excerpt":{"rendered":"<p>Moheda M41T \u00e4r avsedd f\u00f6r Mohedavagnarna M101, M121, M101-4WD, M121-2ND och M121-4WD. Kranen M41T \u00e4r f\u00f6r dig som beh\u00f6ver extra r\u00e4ckvidd och styrka. Den \u00e4r utrustad med teleskoparm med en r\u00e4ckvidd\/lyftkraft p\u00e5 6,9 m\/450 kg och en sv\u00e4ngkraft p\u00e5 11 kNm L\u00e4nksystem och \u00f6vermonterad lyftcylinder f\u00f6r b\u00e4ttre r\u00f6relsem\u00f6nster och den har ett lyftmoment p\u00e5 43 [&hellip;]<\/p>\n","protected":false},"featured_media":575,"comment_status":"closed","ping_status":"closed","template":"","meta":{"_acf_changed":false,"inline_featured_image":false},"product_cat":[35],"product_tag":[],"acf":[],"_links":{"self":[{"href":"https:\/\/ftgmoheda.com\/sv\/wp-json\/wp\/v2\/product\/1210"}],"collection":[{"href":"https:\/\/ftgmoheda.com\/sv\/wp-json\/wp\/v2\/product"}],"about":[{"href":"https:\/\/ftgmoheda.com\/sv\/wp-json\/wp\/v2\/types\/product"}],"replies":[{"embeddable":true,"href":"https:\/\/ftgmoheda.com\/sv\/wp-json\/wp\/v2\/comments?post=1210"}],"wp:featuredmedia":[{"embeddable":true,"href":"https:\/\/ftgmoheda.com\/sv\/wp-json\/wp\/v2\/media\/575"}],"wp:attachment":[{"href":"https:\/\/ftgmoheda.com\/sv\/wp-json\/wp\/v2\/media?parent=1210"}],"wp:term":[{"taxonomy":"product_cat","embeddable":true,"href":"https:\/\/ftgmoheda.com\/sv\/wp-json\/wp\/v2\/product_cat?post=1210"},{"taxonomy":"product_tag","embeddable":true,"href":"https:\/\/ftgmoheda.com\/sv\/wp-json\/wp\/v2\/product_tag?post=1210"}],"curies":[{"name":"wp","href":"https:\/\/api.w.org\/{rel}","templated":true}]}}