{"id":1212,"date":"2024-04-17T17:30:30","date_gmt":"2024-04-17T15:30:30","guid":{"rendered":"https:\/\/ftgmoheda.com\/product\/skogskran-k41t\/"},"modified":"2025-10-29T12:28:16","modified_gmt":"2025-10-29T10:28:16","slug":"skogskran-k41t","status":"publish","type":"product","link":"https:\/\/ftgmoheda.com\/sv\/produkt\/skogskran-k41t\/","title":{"rendered":"Skogskran K41T"},"content":{"rendered":"<p>Moheda K41T \u00e4r avsedd f\u00f6r Mohedavagnarna <a href=\"https:\/\/ftgmoheda.com\/sv\/produkt\/skogsvagn-m101\/\">M101<\/a>, <a href=\"https:\/\/ftgmoheda.com\/sv\/produkt\/skogsvagn-m121\/\">M121<\/a>, <a href=\"https:\/\/ftgmoheda.com\/sv\/produkt\/skogsvagn-m101-4wd\/\">M101-4WD<\/a>, <a href=\"https:\/\/ftgmoheda.com\/sv\/produkt\/skogsvagn-m121-2nd\/\">M121-2ND<\/a> och <a href=\"https:\/\/ftgmoheda.com\/sv\/produkt\/skogsvagn-m121-4wd\/\">M121-4WD<\/a>.<\/p>\n<p>Kranen K41T \u00e4r f\u00f6r dig som beh\u00f6ver extra r\u00e4ckvidd. Den \u00e4r utrustad med en teleskoparm med en r\u00e4ckvidd\/lyftkraft p\u00e5 6,5 m\/385 kg.<\/p>\n<p>L\u00e4nksystem och \u00f6vermonterad lyftcylinder f\u00f6r b\u00e4ttre r\u00f6relsem\u00f6nster och den har ett lyftmoment p\u00e5 33 kNm.<\/p>\n<p>Som standard \u00e4r den utrustad med <a href=\"https:\/\/ftgmoheda.com\/sv\/produkt\/rotator-cr-300-2\/\">CR300 rotator<\/a>, <a href=\"https:\/\/ftgmoheda.com\/sv\/produkt\/virkesgrip-fb190\/\">FB190 grip<\/a> och flerspaksventil.<\/p>\n","protected":false},"excerpt":{"rendered":"<p>Moheda K41T \u00e4r avsedd f\u00f6r Mohedavagnarna M101, M121, M101-4WD, M121-2ND och M121-4WD. Kranen K41T \u00e4r f\u00f6r dig som beh\u00f6ver extra r\u00e4ckvidd. Den \u00e4r utrustad med en teleskoparm med en r\u00e4ckvidd\/lyftkraft p\u00e5 6,5 m\/385 kg. L\u00e4nksystem och \u00f6vermonterad lyftcylinder f\u00f6r b\u00e4ttre r\u00f6relsem\u00f6nster och den har ett lyftmoment p\u00e5 33 kNm. Som standard \u00e4r den utrustad med [&hellip;]<\/p>\n","protected":false},"featured_media":555,"comment_status":"closed","ping_status":"closed","template":"","meta":{"_acf_changed":false,"inline_featured_image":false},"product_cat":[35],"product_tag":[],"acf":[],"_links":{"self":[{"href":"https:\/\/ftgmoheda.com\/sv\/wp-json\/wp\/v2\/product\/1212"}],"collection":[{"href":"https:\/\/ftgmoheda.com\/sv\/wp-json\/wp\/v2\/product"}],"about":[{"href":"https:\/\/ftgmoheda.com\/sv\/wp-json\/wp\/v2\/types\/product"}],"replies":[{"embeddable":true,"href":"https:\/\/ftgmoheda.com\/sv\/wp-json\/wp\/v2\/comments?post=1212"}],"wp:featuredmedia":[{"embeddable":true,"href":"https:\/\/ftgmoheda.com\/sv\/wp-json\/wp\/v2\/media\/555"}],"wp:attachment":[{"href":"https:\/\/ftgmoheda.com\/sv\/wp-json\/wp\/v2\/media?parent=1212"}],"wp:term":[{"taxonomy":"product_cat","embeddable":true,"href":"https:\/\/ftgmoheda.com\/sv\/wp-json\/wp\/v2\/product_cat?post=1212"},{"taxonomy":"product_tag","embeddable":true,"href":"https:\/\/ftgmoheda.com\/sv\/wp-json\/wp\/v2\/product_tag?post=1212"}],"curies":[{"name":"wp","href":"https:\/\/api.w.org\/{rel}","templated":true}]}}