{"id":1213,"date":"2024-04-17T17:26:28","date_gmt":"2024-04-17T15:26:28","guid":{"rendered":"https:\/\/ftgmoheda.com\/product\/skogskran-k31t\/"},"modified":"2025-10-29T12:26:21","modified_gmt":"2025-10-29T10:26:21","slug":"skogskran-k31t","status":"publish","type":"product","link":"https:\/\/ftgmoheda.com\/sv\/produkt\/skogskran-k31t\/","title":{"rendered":"Skogskran K31T"},"content":{"rendered":"<p>Moheda K31T \u00e4r avsedd f\u00f6r Mohedavagnarna <a href=\"https:\/\/ftgmoheda.com\/sv\/produkt\/skogsvagn-m91\/\">M91<\/a> och <a href=\"https:\/\/ftgmoheda.com\/sv\/produkt\/skogsvagn-m101\/\">M101<\/a>.<\/p>\n<p>Kranen K31T \u00e4r f\u00f6r dig som beh\u00f6ver extra r\u00e4ckvidd. Den \u00e4r utrustad med en teleskoparm med en r\u00e4ckvidd\/lyftkraft p\u00e5 6,5 m\/260 kg.<\/p>\n<p>L\u00e4nksystem och \u00f6vermonterad lyftcylinder f\u00f6r b\u00e4ttre r\u00f6relsem\u00f6nster och den har ett lyftmoment p\u00e5 25 kNm.<\/p>\n<p>Som standard \u00e4r den utrustad med <a href=\"https:\/\/ftgmoheda.com\/sv\/produkt\/rotator-cr-300-2\/\">CR300 rotator,<\/a> <a href=\"https:\/\/ftgmoheda.com\/sv\/produkt\/virkesgrip-fb160\/\">FB160 grip<\/a> och flerspaksventil.<\/p>\n","protected":false},"excerpt":{"rendered":"<p>Moheda K31T \u00e4r avsedd f\u00f6r Mohedavagnarna M91 och M101. Kranen K31T \u00e4r f\u00f6r dig som beh\u00f6ver extra r\u00e4ckvidd. Den \u00e4r utrustad med en teleskoparm med en r\u00e4ckvidd\/lyftkraft p\u00e5 6,5 m\/260 kg. L\u00e4nksystem och \u00f6vermonterad lyftcylinder f\u00f6r b\u00e4ttre r\u00f6relsem\u00f6nster och den har ett lyftmoment p\u00e5 25 kNm. Som standard \u00e4r den utrustad med CR300 rotator, FB160 [&hellip;]<\/p>\n","protected":false},"featured_media":542,"comment_status":"closed","ping_status":"closed","template":"","meta":{"_acf_changed":false,"inline_featured_image":false},"product_cat":[35],"product_tag":[],"acf":[],"_links":{"self":[{"href":"https:\/\/ftgmoheda.com\/sv\/wp-json\/wp\/v2\/product\/1213"}],"collection":[{"href":"https:\/\/ftgmoheda.com\/sv\/wp-json\/wp\/v2\/product"}],"about":[{"href":"https:\/\/ftgmoheda.com\/sv\/wp-json\/wp\/v2\/types\/product"}],"replies":[{"embeddable":true,"href":"https:\/\/ftgmoheda.com\/sv\/wp-json\/wp\/v2\/comments?post=1213"}],"wp:featuredmedia":[{"embeddable":true,"href":"https:\/\/ftgmoheda.com\/sv\/wp-json\/wp\/v2\/media\/542"}],"wp:attachment":[{"href":"https:\/\/ftgmoheda.com\/sv\/wp-json\/wp\/v2\/media?parent=1213"}],"wp:term":[{"taxonomy":"product_cat","embeddable":true,"href":"https:\/\/ftgmoheda.com\/sv\/wp-json\/wp\/v2\/product_cat?post=1213"},{"taxonomy":"product_tag","embeddable":true,"href":"https:\/\/ftgmoheda.com\/sv\/wp-json\/wp\/v2\/product_tag?post=1213"}],"curies":[{"name":"wp","href":"https:\/\/api.w.org\/{rel}","templated":true}]}}