{"id":1214,"date":"2024-04-17T17:23:16","date_gmt":"2024-04-17T15:23:16","guid":{"rendered":"https:\/\/ftgmoheda.com\/product\/skogsvagn-m151-4wd\/"},"modified":"2025-01-26T10:26:44","modified_gmt":"2025-01-26T08:26:44","slug":"skogsvagn-m151-4wd","status":"publish","type":"product","link":"https:\/\/ftgmoheda.com\/sv\/produkt\/skogsvagn-m151-4wd\/","title":{"rendered":"Skogsvagn M151-4WD"},"content":{"rendered":"<h5>FTG Moheda M151-4WD &#8211; Giganten i skogen!<\/h5>\n<p>M151-4WD har 15 tons lastkapacitet och \u00e4r den st\u00f6rsta drivna vagnen i Mohedas sortiment. Detta \u00e4r en vagn med mycket stor lastkapacitet som tar sig fram i den mest kr\u00e4vande terr\u00e4ng tack vare hydraulisk drift. Vagnen passar fr\u00e4mst st\u00f6rre skogs\u00e4gare och entrepren\u00f6rer. Vagnen \u00e4r multifunktionell och anv\u00e4nds inom flera olika omr\u00e5den.<\/p>\n<p>Vagnen \u00e4r standardutrustad med 600\/55&#215;22,5 hjul och vagnstyrning. Lastytan p\u00e5 grinden \u00e4r 3,3 m<sup>2<\/sup>.<\/p>\n<p>FTG Moheda M151-4WD \u00e4r i basutf\u00f6rande utrustad med en Moheda <a href=\"https:\/\/ftgmoheda.com\/sv\/produkt\/skogskran-m51t\/\">M51T vikarmskran<\/a> (7,5 m\/500 kg) som levereras med dubbel vridmotor, CR400 rotator med bromsad l\u00e4nk, <a href=\"https:\/\/ftgmoheda.com\/sv\/produkt\/grip-g210s\/\">G210S grip<\/a> och flerspaksventil. M51T kranen \u00e4r utrustad med ett teleskop och ett l\u00e4nksystem som g\u00f6r att r\u00f6relsem\u00f6nstret blir mer f\u00f6ljsamt f\u00f6r en j\u00e4mnare och effektivare krank\u00f6rning. Kranen har en \u201dvinklad\u201d lyftarm som g\u00f6r att du kan parkera kranen stabilt mot vagnen. Detta g\u00f6r \u00e4ven kranen starkare i vagnens n\u00e4romr\u00e5de.<\/p>\n","protected":false},"excerpt":{"rendered":"<p>FTG Moheda M151-4WD &#8211; Giganten i skogen! M151-4WD har 15 tons lastkapacitet och \u00e4r den st\u00f6rsta drivna vagnen i Mohedas sortiment. Detta \u00e4r en vagn med mycket stor lastkapacitet som tar sig fram i den mest kr\u00e4vande terr\u00e4ng tack vare hydraulisk drift. Vagnen passar fr\u00e4mst st\u00f6rre skogs\u00e4gare och entrepren\u00f6rer. Vagnen \u00e4r multifunktionell och anv\u00e4nds inom [&hellip;]<\/p>\n","protected":false},"featured_media":3640,"comment_status":"closed","ping_status":"closed","template":"","meta":{"_acf_changed":false,"inline_featured_image":false},"product_cat":[36],"product_tag":[],"acf":[],"_links":{"self":[{"href":"https:\/\/ftgmoheda.com\/sv\/wp-json\/wp\/v2\/product\/1214"}],"collection":[{"href":"https:\/\/ftgmoheda.com\/sv\/wp-json\/wp\/v2\/product"}],"about":[{"href":"https:\/\/ftgmoheda.com\/sv\/wp-json\/wp\/v2\/types\/product"}],"replies":[{"embeddable":true,"href":"https:\/\/ftgmoheda.com\/sv\/wp-json\/wp\/v2\/comments?post=1214"}],"wp:featuredmedia":[{"embeddable":true,"href":"https:\/\/ftgmoheda.com\/sv\/wp-json\/wp\/v2\/media\/3640"}],"wp:attachment":[{"href":"https:\/\/ftgmoheda.com\/sv\/wp-json\/wp\/v2\/media?parent=1214"}],"wp:term":[{"taxonomy":"product_cat","embeddable":true,"href":"https:\/\/ftgmoheda.com\/sv\/wp-json\/wp\/v2\/product_cat?post=1214"},{"taxonomy":"product_tag","embeddable":true,"href":"https:\/\/ftgmoheda.com\/sv\/wp-json\/wp\/v2\/product_tag?post=1214"}],"curies":[{"name":"wp","href":"https:\/\/api.w.org\/{rel}","templated":true}]}}