{"id":1217,"date":"2024-04-17T17:12:50","date_gmt":"2024-04-17T15:12:50","guid":{"rendered":"https:\/\/ftgmoheda.com\/product\/skogsvagn-m101-4wd\/"},"modified":"2025-01-26T10:24:11","modified_gmt":"2025-01-26T08:24:11","slug":"skogsvagn-m101-4wd","status":"publish","type":"product","link":"https:\/\/ftgmoheda.com\/sv\/produkt\/skogsvagn-m101-4wd\/","title":{"rendered":"Skogsvagn M101-4WD"},"content":{"rendered":"<p><strong>Moheda M101-4WD &#8211; en smidig skogsvagn med drift tar sig fram \u00e4ven i kr\u00e4vande terr\u00e4ng.<\/strong><\/p>\n<p><strong>M101-4WD<\/strong> har 10 tons lastkapacitet och \u00e4r den minsta drivna i skogsvagnen i Mohedas sortiment. Detta \u00e4r en smidig vagn med stor lastkapacitet som tar sig fram i kr\u00e4vande terr\u00e4ng tack vare hydraulisk drift. Anv\u00e4nds s\u00e5v\u00e4l i b\u00e5de skogs- och g\u00e5rdsbruk.<\/p>\n<p>Vagnen \u00e4r standardutrustad med 400\/55&#215;22,5 hjul och vagnstyrning. Du kan \u00e4ven v\u00e4lja 500-hjul som tillval.<\/p>\n<p>Lastytan p\u00e5 grinden \u00e4r 2,3 m<sup>2<\/sup>.<\/p>\n<p>FTG Moheda M101-4WD \u00e4r i basutf\u00f6rande utrustad med en Moheda <a href=\"https:\/\/ftgmoheda.com\/sv\/produkt\/skogskran-k41t\/\">K41T vikarmskran<\/a> (6,5 m\/380 kg) som levereras med dubbel vridmotor, <a href=\"https:\/\/ftgmoheda.com\/sv\/produkt\/rotator-cr-300-2\/\">CR300 rotator,<\/a> <a href=\"https:\/\/ftgmoheda.com\/sv\/produkt\/virkesgrip-fb190\/\">FB190 virkesgrip<\/a> och flerspaksventil. K41T kranen \u00e4r utrustad med ett teleskop och ett l\u00e4nksystem som g\u00f6r att r\u00f6relsem\u00f6nstret blir mer f\u00f6ljsamt f\u00f6r en j\u00e4mnare och effektivare krank\u00f6rning.<\/p>\n","protected":false},"excerpt":{"rendered":"<p>Moheda M101-4WD &#8211; en smidig skogsvagn med drift tar sig fram \u00e4ven i kr\u00e4vande terr\u00e4ng. M101-4WD har 10 tons lastkapacitet och \u00e4r den minsta drivna i skogsvagnen i Mohedas sortiment. Detta \u00e4r en smidig vagn med stor lastkapacitet som tar sig fram i kr\u00e4vande terr\u00e4ng tack vare hydraulisk drift. Anv\u00e4nds s\u00e5v\u00e4l i b\u00e5de skogs- och [&hellip;]<\/p>\n","protected":false},"featured_media":3622,"comment_status":"closed","ping_status":"closed","template":"","meta":{"_acf_changed":false,"inline_featured_image":false},"product_cat":[36],"product_tag":[],"acf":[],"_links":{"self":[{"href":"https:\/\/ftgmoheda.com\/sv\/wp-json\/wp\/v2\/product\/1217"}],"collection":[{"href":"https:\/\/ftgmoheda.com\/sv\/wp-json\/wp\/v2\/product"}],"about":[{"href":"https:\/\/ftgmoheda.com\/sv\/wp-json\/wp\/v2\/types\/product"}],"replies":[{"embeddable":true,"href":"https:\/\/ftgmoheda.com\/sv\/wp-json\/wp\/v2\/comments?post=1217"}],"wp:featuredmedia":[{"embeddable":true,"href":"https:\/\/ftgmoheda.com\/sv\/wp-json\/wp\/v2\/media\/3622"}],"wp:attachment":[{"href":"https:\/\/ftgmoheda.com\/sv\/wp-json\/wp\/v2\/media?parent=1217"}],"wp:term":[{"taxonomy":"product_cat","embeddable":true,"href":"https:\/\/ftgmoheda.com\/sv\/wp-json\/wp\/v2\/product_cat?post=1217"},{"taxonomy":"product_tag","embeddable":true,"href":"https:\/\/ftgmoheda.com\/sv\/wp-json\/wp\/v2\/product_tag?post=1217"}],"curies":[{"name":"wp","href":"https:\/\/api.w.org\/{rel}","templated":true}]}}