{"id":1219,"date":"2024-04-17T17:08:17","date_gmt":"2024-04-17T15:08:17","guid":{"rendered":"https:\/\/ftgmoheda.com\/product\/skogsvagn-m121\/"},"modified":"2024-10-07T15:29:29","modified_gmt":"2024-10-07T13:29:29","slug":"skogsvagn-m121","status":"publish","type":"product","link":"https:\/\/ftgmoheda.com\/sv\/produkt\/skogsvagn-m121\/","title":{"rendered":"Skogsvagn M121"},"content":{"rendered":"<p><strong>Moheda M121 &#8211; med 12 tons lastkapacitet f\u00e5r du med dig mer\u00a0<\/strong><\/p>\n<p>M121 har 12 tons lastkapacitet och en av de st\u00f6rre skogsvagnarna i Mohedas sortiment. Detta \u00e4r en vagn med stor lastkapacitet som passar f\u00f6r b\u00e5de privata skogs\u00e4gare och entrepren\u00f6rer. Vagnen \u00e4r multifunktionell och anv\u00e4nds inom hela g\u00e5rdsbruket.<\/p>\n<p>Vagnen \u00e4r standardutrustad med 15\/70&#215;18 hjul och vagnstyrning. Lastytan p\u00e5 grinden \u00e4r 2,7 m<sup>2<\/sup>.<\/p>\n<p>FTG Moheda M121 \u00e4r i basutf\u00f6rande utrustad med en Moheda <a href=\"https:\/\/ftgmoheda.com\/sv\/produkt\/skogskran-m41t\/\">M41T vikarmskran<\/a> (6,9 m\/450 kg) som levereras med dubbel vridmotor, <a href=\"https:\/\/ftgmoheda.com\/sv\/produkt\/rotator-cr-300-2\/\">CR300 rotator<\/a> med bromsad l\u00e4nk, <a href=\"https:\/\/ftgmoheda.com\/sv\/produkt\/virkesgrip-fb190wf\/\">FB190 WF virkesgrip<\/a> och flerspaksventil. M41T \u00e4r utrustad med ett teleskop och ett l\u00e4nksystem som g\u00f6r att r\u00f6relsem\u00f6nstret blir mer f\u00f6ljsamt f\u00f6r en j\u00e4mnare och effektivare krank\u00f6rning. Kranen har en \u201dvinklad\u201d lyftarm som g\u00f6r att du kan parkera kranen stabilt mot vagnen. Detta g\u00f6r \u00e4ven kranen starkare i vagnens n\u00e4romr\u00e5de.<\/p>\n","protected":false},"excerpt":{"rendered":"<p>Moheda M121 &#8211; med 12 tons lastkapacitet f\u00e5r du med dig mer\u00a0 M121 har 12 tons lastkapacitet och en av de st\u00f6rre skogsvagnarna i Mohedas sortiment. Detta \u00e4r en vagn med stor lastkapacitet som passar f\u00f6r b\u00e5de privata skogs\u00e4gare och entrepren\u00f6rer. Vagnen \u00e4r multifunktionell och anv\u00e4nds inom hela g\u00e5rdsbruket. Vagnen \u00e4r standardutrustad med 15\/70&#215;18 hjul [&hellip;]<\/p>\n","protected":false},"featured_media":477,"comment_status":"closed","ping_status":"closed","template":"","meta":{"_acf_changed":false,"inline_featured_image":false},"product_cat":[36],"product_tag":[],"acf":[],"_links":{"self":[{"href":"https:\/\/ftgmoheda.com\/sv\/wp-json\/wp\/v2\/product\/1219"}],"collection":[{"href":"https:\/\/ftgmoheda.com\/sv\/wp-json\/wp\/v2\/product"}],"about":[{"href":"https:\/\/ftgmoheda.com\/sv\/wp-json\/wp\/v2\/types\/product"}],"replies":[{"embeddable":true,"href":"https:\/\/ftgmoheda.com\/sv\/wp-json\/wp\/v2\/comments?post=1219"}],"wp:featuredmedia":[{"embeddable":true,"href":"https:\/\/ftgmoheda.com\/sv\/wp-json\/wp\/v2\/media\/477"}],"wp:attachment":[{"href":"https:\/\/ftgmoheda.com\/sv\/wp-json\/wp\/v2\/media?parent=1219"}],"wp:term":[{"taxonomy":"product_cat","embeddable":true,"href":"https:\/\/ftgmoheda.com\/sv\/wp-json\/wp\/v2\/product_cat?post=1219"},{"taxonomy":"product_tag","embeddable":true,"href":"https:\/\/ftgmoheda.com\/sv\/wp-json\/wp\/v2\/product_tag?post=1219"}],"curies":[{"name":"wp","href":"https:\/\/api.w.org\/{rel}","templated":true}]}}