{"id":1220,"date":"2024-04-17T17:03:44","date_gmt":"2024-04-17T15:03:44","guid":{"rendered":"https:\/\/ftgmoheda.com\/product\/skogsvagn-m101\/"},"modified":"2024-10-07T15:14:53","modified_gmt":"2024-10-07T13:14:53","slug":"skogsvagn-m101","status":"publish","type":"product","link":"https:\/\/ftgmoheda.com\/sv\/produkt\/skogsvagn-m101\/","title":{"rendered":"Skogsvagn M101"},"content":{"rendered":"<p><strong>Moheda M101 &#8211; en vagn f\u00f6r de flesta g\u00e5rdar<\/strong><\/p>\n<p>M101 har 10 tons lastkapacitet och \u00e4r den mest s\u00e5lda skogsvagnen i Mohedas sortiment. Detta \u00e4r en smidig vagn med stor lastkapacitet som passar m\u00e5nga g\u00e5rdar. Anv\u00e4nds i s\u00e5v\u00e4l\u00a0 skogs- som g\u00e5rdsbruk.<\/p>\n<p>Vagnen \u00e4r standardutrustad med 400\/60&#215;15,5 hjul och vagnstyrning. Lastytan p\u00e5 grinden \u00e4r 2,3 m<sup>2<\/sup>.<\/p>\n<p>Du kan nu \u00e4ven v\u00e4lja 500-hjul som tillval. V\u00e4lj d\u00e4ckdimensionen 500\/50\u00d717 Traction n\u00e4r du vill ha mindre marktryck och \u00adstabilare vagn. Plus att den ju \u00e4r s\u00e5 snygg med 500-hjul.<\/p>\n<p>FTG Moheda M101 \u00e4r i basutf\u00f6rande utrustad med en <a href=\"https:\/\/ftgmoheda.com\/sv\/produkt\/skogskran-k41t\/\">Moheda K41T vikarmskran<\/a> (6,5 m\/380 kg) som levereras med dubbel vridmotor,<a href=\"https:\/\/ftgmoheda.com\/sv\/produkt\/rotator-cr-300-2\/\"> CR300 rotator<\/a>, <a href=\"https:\/\/ftgmoheda.com\/sv\/produkt\/virkesgrip-fb190\/\">FB190 grip<\/a> och flerspaksventil. K41T kranen \u00e4r utrustad med ett teleskop och ett l\u00e4nksystem som g\u00f6r att r\u00f6relsem\u00f6nstret blir mer f\u00f6ljsamt f\u00f6r en j\u00e4mnare och effektivare krank\u00f6rning.<\/p>\n","protected":false},"excerpt":{"rendered":"<p>Moheda M101 &#8211; en vagn f\u00f6r de flesta g\u00e5rdar M101 har 10 tons lastkapacitet och \u00e4r den mest s\u00e5lda skogsvagnen i Mohedas sortiment. Detta \u00e4r en smidig vagn med stor lastkapacitet som passar m\u00e5nga g\u00e5rdar. Anv\u00e4nds i s\u00e5v\u00e4l\u00a0 skogs- som g\u00e5rdsbruk. Vagnen \u00e4r standardutrustad med 400\/60&#215;15,5 hjul och vagnstyrning. Lastytan p\u00e5 grinden \u00e4r 2,3 m2. [&hellip;]<\/p>\n","protected":false},"featured_media":3157,"comment_status":"closed","ping_status":"closed","template":"","meta":{"_acf_changed":false,"inline_featured_image":false},"product_cat":[36],"product_tag":[],"acf":[],"_links":{"self":[{"href":"https:\/\/ftgmoheda.com\/sv\/wp-json\/wp\/v2\/product\/1220"}],"collection":[{"href":"https:\/\/ftgmoheda.com\/sv\/wp-json\/wp\/v2\/product"}],"about":[{"href":"https:\/\/ftgmoheda.com\/sv\/wp-json\/wp\/v2\/types\/product"}],"replies":[{"embeddable":true,"href":"https:\/\/ftgmoheda.com\/sv\/wp-json\/wp\/v2\/comments?post=1220"}],"wp:featuredmedia":[{"embeddable":true,"href":"https:\/\/ftgmoheda.com\/sv\/wp-json\/wp\/v2\/media\/3157"}],"wp:attachment":[{"href":"https:\/\/ftgmoheda.com\/sv\/wp-json\/wp\/v2\/media?parent=1220"}],"wp:term":[{"taxonomy":"product_cat","embeddable":true,"href":"https:\/\/ftgmoheda.com\/sv\/wp-json\/wp\/v2\/product_cat?post=1220"},{"taxonomy":"product_tag","embeddable":true,"href":"https:\/\/ftgmoheda.com\/sv\/wp-json\/wp\/v2\/product_tag?post=1220"}],"curies":[{"name":"wp","href":"https:\/\/api.w.org\/{rel}","templated":true}]}}