{"id":1223,"date":"2024-04-17T17:03:11","date_gmt":"2024-04-17T15:03:11","guid":{"rendered":"https:\/\/ftgmoheda.com\/?post_type=product&#038;p=1223"},"modified":"2024-11-28T15:20:31","modified_gmt":"2024-11-28T13:20:31","slug":"skogsvagn-m91","status":"publish","type":"product","link":"https:\/\/ftgmoheda.com\/sv\/produkt\/skogsvagn-m91\/","title":{"rendered":"Skogsvagn M91"},"content":{"rendered":"<p><strong>Moheda M91 &#8211; en smidig vagn f\u00f6r de lite mindre traktorerna<\/strong><\/p>\n<p>M91 \u00e4r en av v\u00e5ra stors\u00e4ljare med 9 tons lastkapacitet. Detta \u00e4r en smidig vagn som l\u00e4mpar sig f\u00f6r de mindre traktorerna.<\/p>\n<p>Vagnen \u00e4r standardutrustad med 400\/60&#215;15,5 hjul, vagnstyrning och teleskopiska st\u00f6dben. Lastytan p\u00e5 grinden \u00e4r 2,0 m<sup>2<\/sup>.<\/p>\n<p>FTG Moheda M91 \u00e4r i basutf\u00f6rande utrustad med en Moheda<a href=\"https:\/\/ftgmoheda.com\/sv\/produkt\/skogskran-k31t\/\"> K31T vikarmskran<\/a> (6,5 m\/260 kg) som levereras med dubbel vridmotor, <a href=\"https:\/\/ftgmoheda.com\/sv\/produkt\/rotator-cr-300-2\/\">CR300 rotator<\/a>, <a href=\"https:\/\/ftgmoheda.com\/sv\/produkt\/virkesgrip-fb160\/\">FB160 grip<\/a> och flerspaksventil. K31T-kranen \u00e4r utrustad med ett teleskop och ett l\u00e4nksystem som g\u00f6r att r\u00f6relsem\u00f6nstret blir mer f\u00f6ljsamt f\u00f6r en j\u00e4mnare och effektivare krank\u00f6rning.<\/p>\n","protected":false},"excerpt":{"rendered":"<p>Moheda M91 &#8211; en smidig vagn f\u00f6r de lite mindre traktorerna M91 \u00e4r en av v\u00e5ra stors\u00e4ljare med 9 tons lastkapacitet. Detta \u00e4r en smidig vagn som l\u00e4mpar sig f\u00f6r de mindre traktorerna. Vagnen \u00e4r standardutrustad med 400\/60&#215;15,5 hjul, vagnstyrning och teleskopiska st\u00f6dben. Lastytan p\u00e5 grinden \u00e4r 2,0 m2. FTG Moheda M91 \u00e4r i basutf\u00f6rande [&hellip;]<\/p>\n","protected":false},"featured_media":3604,"comment_status":"closed","ping_status":"closed","template":"","meta":{"_acf_changed":false,"inline_featured_image":false},"product_cat":[36],"product_tag":[],"acf":[],"_links":{"self":[{"href":"https:\/\/ftgmoheda.com\/sv\/wp-json\/wp\/v2\/product\/1223"}],"collection":[{"href":"https:\/\/ftgmoheda.com\/sv\/wp-json\/wp\/v2\/product"}],"about":[{"href":"https:\/\/ftgmoheda.com\/sv\/wp-json\/wp\/v2\/types\/product"}],"replies":[{"embeddable":true,"href":"https:\/\/ftgmoheda.com\/sv\/wp-json\/wp\/v2\/comments?post=1223"}],"wp:featuredmedia":[{"embeddable":true,"href":"https:\/\/ftgmoheda.com\/sv\/wp-json\/wp\/v2\/media\/3604"}],"wp:attachment":[{"href":"https:\/\/ftgmoheda.com\/sv\/wp-json\/wp\/v2\/media?parent=1223"}],"wp:term":[{"taxonomy":"product_cat","embeddable":true,"href":"https:\/\/ftgmoheda.com\/sv\/wp-json\/wp\/v2\/product_cat?post=1223"},{"taxonomy":"product_tag","embeddable":true,"href":"https:\/\/ftgmoheda.com\/sv\/wp-json\/wp\/v2\/product_tag?post=1223"}],"curies":[{"name":"wp","href":"https:\/\/api.w.org\/{rel}","templated":true}]}}