{"id":1583,"date":"2024-04-29T19:37:11","date_gmt":"2024-04-29T17:37:11","guid":{"rendered":"https:\/\/ftgmoheda.com\/?post_type=product&#038;p=1583"},"modified":"2024-12-02T20:55:36","modified_gmt":"2024-12-02T18:55:36","slug":"skogskran-m81t","status":"publish","type":"product","link":"https:\/\/ftgmoheda.com\/sv\/produkt\/skogskran-m81t\/","title":{"rendered":"Skogskran M81T"},"content":{"rendered":"<p>Moheda M81T \u00e4r avsedd f\u00f6r Moheda <a href=\"https:\/\/ftgmoheda.com\/sv\/produkt\/skogsvagn-m151-4wd\/\">M151-4WD<\/a> men kan \u00e4ven anv\u00e4ndas f\u00f6r traktormontage samt f\u00f6r montering p\u00e5 mellanstora skogsmaskiner. J\u00e4mf\u00f6rt med sin f\u00f6reg\u00e5ngare har M81T f\u00f6rb\u00e4ttrats vad \u00adg\u00e4ller b\u00e5de r\u00e4ckvidd, lyftmoment, vridkraft och r\u00f6relsem\u00f6nster. M81T har en r\u00e4ckvidd p\u00e5 7,8 m och ett \u00f6kat lyftmoment med 37%, lyfter 700 kg p\u00e5 max r\u00e4ckvidd och hela 1\u00a0450 kg p\u00e5 4 m. Sv\u00e4ngkraften \u00f6kas med hela 75%, till 21 kNm.<\/p>\n<p>Kranen har enkelteleskop med v\u00e4l skyddad slangdragning.<\/p>\n<p>Som standard \u00e4r kranen utrustad med Hultdins supergrip 260, <a href=\"https:\/\/ftgmoheda.com\/sv\/produkt\/rotator-cr-600-f\/\">rotator CR600<\/a> med bromsad l\u00e4nk och flerspakventil. Det finns en m\u00e4ngd olika ventilpaket och tillbeh\u00f6r att v\u00e4lja mellan.<\/p>\n","protected":false},"excerpt":{"rendered":"<p>Moheda M81T \u00e4r avsedd f\u00f6r Moheda M151-4WD men kan \u00e4ven anv\u00e4ndas f\u00f6r traktormontage samt f\u00f6r montering p\u00e5 mellanstora skogsmaskiner. J\u00e4mf\u00f6rt med sin f\u00f6reg\u00e5ngare har M81T f\u00f6rb\u00e4ttrats vad \u00adg\u00e4ller b\u00e5de r\u00e4ckvidd, lyftmoment, vridkraft och r\u00f6relsem\u00f6nster. M81T har en r\u00e4ckvidd p\u00e5 7,8 m och ett \u00f6kat lyftmoment med 37%, lyfter 700 kg p\u00e5 max r\u00e4ckvidd och hela [&hellip;]<\/p>\n","protected":false},"featured_media":1592,"comment_status":"closed","ping_status":"closed","template":"","meta":{"_acf_changed":false,"inline_featured_image":false},"product_cat":[35],"product_tag":[],"acf":[],"_links":{"self":[{"href":"https:\/\/ftgmoheda.com\/sv\/wp-json\/wp\/v2\/product\/1583"}],"collection":[{"href":"https:\/\/ftgmoheda.com\/sv\/wp-json\/wp\/v2\/product"}],"about":[{"href":"https:\/\/ftgmoheda.com\/sv\/wp-json\/wp\/v2\/types\/product"}],"replies":[{"embeddable":true,"href":"https:\/\/ftgmoheda.com\/sv\/wp-json\/wp\/v2\/comments?post=1583"}],"wp:featuredmedia":[{"embeddable":true,"href":"https:\/\/ftgmoheda.com\/sv\/wp-json\/wp\/v2\/media\/1592"}],"wp:attachment":[{"href":"https:\/\/ftgmoheda.com\/sv\/wp-json\/wp\/v2\/media?parent=1583"}],"wp:term":[{"taxonomy":"product_cat","embeddable":true,"href":"https:\/\/ftgmoheda.com\/sv\/wp-json\/wp\/v2\/product_cat?post=1583"},{"taxonomy":"product_tag","embeddable":true,"href":"https:\/\/ftgmoheda.com\/sv\/wp-json\/wp\/v2\/product_tag?post=1583"}],"curies":[{"name":"wp","href":"https:\/\/api.w.org\/{rel}","templated":true}]}}