{"id":1698,"date":"2024-05-03T10:59:13","date_gmt":"2024-05-03T08:59:13","guid":{"rendered":"https:\/\/ftgmoheda.com\/?post_type=product&#038;p=1698"},"modified":"2025-01-26T10:22:19","modified_gmt":"2025-01-26T08:22:19","slug":"skogsvagn-m121-4wd","status":"publish","type":"product","link":"https:\/\/ftgmoheda.com\/sv\/produkt\/skogsvagn-m121-4wd\/","title":{"rendered":"Skogsvagn M121-4WD"},"content":{"rendered":"<p><strong>FTG Moheda M121-4WD &#8211; Driven vagn med h\u00f6g framkomlighet!<\/strong><\/p>\n<p><strong>M121-4WD<\/strong>\u00a0har 12 tons lastkapacitet och \u00e4r den drivna skogsvagnen som s\u00e4ljs mest i Mohedas sortiment. Detta \u00e4r en vagn med stor lastkapacitet som tar sig fram i kr\u00e4vande terr\u00e4ng tack vare hydraulisk drift. Vagnen l\u00e4mpar sig f\u00f6r b\u00e5de privata skogs\u00e4gare och entrepren\u00f6rer. Anv\u00e4nds s\u00e5v\u00e4l i b\u00e5de skogs- och g\u00e5rdsbruk.<\/p>\n<p>Vagnen \u00e4r standardutrustad med 500\/45&#215;22,5 hjul och vagnstyrning. Lastytan p\u00e5 grinden \u00e4r 2,7 m<sup>2<\/sup>.<\/p>\n<p>FTG Moheda M121-4WD\u00a0\u00e4r i basutf\u00f6rande utrustad med en Moheda <a href=\"https:\/\/ftgmoheda.com\/sv\/produkt\/skogskran-m41t\/\">M41T vikarmskran<\/a> (6,9 m\/450 kg) som levereras med dubbel vridmotor,<a href=\"https:\/\/ftgmoheda.com\/sv\/produkt\/rotator-cr-300-2\/\"> CR300 rotator<\/a> med bromsad l\u00e4nk, <a href=\"https:\/\/ftgmoheda.com\/sv\/produkt\/virkesgrip-fb190wf\/\">FB190 WF grip<\/a> och flerspaksventil. M41T \u00e4r utrustad med ett teleskop och ett l\u00e4nksystem som g\u00f6r att r\u00f6relsem\u00f6nstret blir mer f\u00f6ljsamt f\u00f6r en j\u00e4mnare och effektivare krank\u00f6rning. Kranen har en \u201dvinklad\u201d lyftarm som g\u00f6r att du kan parkera kranen stabilt mot vagnen. Detta g\u00f6r \u00e4ven kranen starkare i vagnens n\u00e4romr\u00e5de.<\/p>\n<p>&nbsp;<\/p>\n<p>&nbsp;<\/p>\n","protected":false},"excerpt":{"rendered":"<p>FTG Moheda M121-4WD &#8211; Driven vagn med h\u00f6g framkomlighet! M121-4WD\u00a0har 12 tons lastkapacitet och \u00e4r den drivna skogsvagnen som s\u00e4ljs mest i Mohedas sortiment. Detta \u00e4r en vagn med stor lastkapacitet som tar sig fram i kr\u00e4vande terr\u00e4ng tack vare hydraulisk drift. Vagnen l\u00e4mpar sig f\u00f6r b\u00e5de privata skogs\u00e4gare och entrepren\u00f6rer. Anv\u00e4nds s\u00e5v\u00e4l i b\u00e5de [&hellip;]<\/p>\n","protected":false},"featured_media":1712,"comment_status":"closed","ping_status":"closed","template":"","meta":{"_acf_changed":false,"inline_featured_image":false},"product_cat":[36],"product_tag":[],"acf":[],"_links":{"self":[{"href":"https:\/\/ftgmoheda.com\/sv\/wp-json\/wp\/v2\/product\/1698"}],"collection":[{"href":"https:\/\/ftgmoheda.com\/sv\/wp-json\/wp\/v2\/product"}],"about":[{"href":"https:\/\/ftgmoheda.com\/sv\/wp-json\/wp\/v2\/types\/product"}],"replies":[{"embeddable":true,"href":"https:\/\/ftgmoheda.com\/sv\/wp-json\/wp\/v2\/comments?post=1698"}],"wp:featuredmedia":[{"embeddable":true,"href":"https:\/\/ftgmoheda.com\/sv\/wp-json\/wp\/v2\/media\/1712"}],"wp:attachment":[{"href":"https:\/\/ftgmoheda.com\/sv\/wp-json\/wp\/v2\/media?parent=1698"}],"wp:term":[{"taxonomy":"product_cat","embeddable":true,"href":"https:\/\/ftgmoheda.com\/sv\/wp-json\/wp\/v2\/product_cat?post=1698"},{"taxonomy":"product_tag","embeddable":true,"href":"https:\/\/ftgmoheda.com\/sv\/wp-json\/wp\/v2\/product_tag?post=1698"}],"curies":[{"name":"wp","href":"https:\/\/api.w.org\/{rel}","templated":true}]}}