{"id":2506,"date":"2024-06-20T12:05:32","date_gmt":"2024-06-20T10:05:32","guid":{"rendered":"https:\/\/ftgmoheda.com\/?post_type=product&#038;p=2506"},"modified":"2026-03-30T12:17:34","modified_gmt":"2026-03-30T10:17:34","slug":"radiostyrning-scanreco-for-kranventil-2","status":"publish","type":"product","link":"https:\/\/ftgmoheda.com\/sv\/produkt\/radiostyrning-scanreco-for-kranventil-2\/","title":{"rendered":"Radiostyrning Scanreco f\u00f6r kranventil"},"content":{"rendered":"<p><strong>Varf\u00f6r skall du v\u00e4lja Scanreco radiostyrning till din skogsvagn?<\/strong><\/p>\n<p>Radiostyrning har blivit en sj\u00e4lvklarhet f\u00f6r m\u00e5nga skogs\u00e4gare. Den ger ett effektivare, tryggare och mer ergonomiskt arbetss\u00e4tt \u2013 och med Scanreco f\u00e5r du marknadens mest bepr\u00f6vade l\u00f6sning med \u00f6ver 40 \u00e5rs erfarenhet.<\/p>\n<p>Scanrecos radiostyrning \u00e4r utvecklad specifikt f\u00f6r skogsvagnar med h\u00f6g precision, p\u00e5litlighet och bra ergonomi. Den ger full kontroll \u00f6ver b\u00e5de kran och st\u00f6dben \u2013 helt tr\u00e5dl\u00f6st.<\/p>\n<p>Systemen \u00e4r konstruerade f\u00f6r tuffa milj\u00f6er och bygger p\u00e5 \u00f6ver 40 \u00e5rs erfarenhet av professionell radiostyrning. Med funktionell s\u00e4kerhet i toppklass, skydd mot fukt, damm, vibrationer och st\u00f6rningar samt l\u00e5ng livsl\u00e4ngd, \u00e4r Scanreco ett tryggt val f\u00f6r effektivt skogsbruk.<\/p>\n","protected":false},"excerpt":{"rendered":"<p>Varf\u00f6r skall du v\u00e4lja Scanreco radiostyrning till din skogsvagn? Radiostyrning har blivit en sj\u00e4lvklarhet f\u00f6r m\u00e5nga skogs\u00e4gare. Den ger ett effektivare, tryggare och mer ergonomiskt arbetss\u00e4tt \u2013 och med Scanreco f\u00e5r du marknadens mest bepr\u00f6vade l\u00f6sning med \u00f6ver 40 \u00e5rs erfarenhet. Scanrecos radiostyrning \u00e4r utvecklad specifikt f\u00f6r skogsvagnar med h\u00f6g precision, p\u00e5litlighet och bra ergonomi. [&hellip;]<\/p>\n","protected":false},"featured_media":2272,"comment_status":"closed","ping_status":"closed","template":"","meta":{"_acf_changed":false,"inline_featured_image":false},"product_cat":[34,55],"product_tag":[],"acf":[],"_links":{"self":[{"href":"https:\/\/ftgmoheda.com\/sv\/wp-json\/wp\/v2\/product\/2506"}],"collection":[{"href":"https:\/\/ftgmoheda.com\/sv\/wp-json\/wp\/v2\/product"}],"about":[{"href":"https:\/\/ftgmoheda.com\/sv\/wp-json\/wp\/v2\/types\/product"}],"replies":[{"embeddable":true,"href":"https:\/\/ftgmoheda.com\/sv\/wp-json\/wp\/v2\/comments?post=2506"}],"wp:featuredmedia":[{"embeddable":true,"href":"https:\/\/ftgmoheda.com\/sv\/wp-json\/wp\/v2\/media\/2272"}],"wp:attachment":[{"href":"https:\/\/ftgmoheda.com\/sv\/wp-json\/wp\/v2\/media?parent=2506"}],"wp:term":[{"taxonomy":"product_cat","embeddable":true,"href":"https:\/\/ftgmoheda.com\/sv\/wp-json\/wp\/v2\/product_cat?post=2506"},{"taxonomy":"product_tag","embeddable":true,"href":"https:\/\/ftgmoheda.com\/sv\/wp-json\/wp\/v2\/product_tag?post=2506"}],"curies":[{"name":"wp","href":"https:\/\/api.w.org\/{rel}","templated":true}]}}