{"id":2508,"date":"2024-06-20T12:05:32","date_gmt":"2024-06-20T10:05:32","guid":{"rendered":"https:\/\/ftgmoheda.com\/?post_type=product&#038;p=2508"},"modified":"2025-07-11T11:19:19","modified_gmt":"2025-07-11T09:19:19","slug":"ehc-ventil-med-minispakar-for-kranventil","status":"publish","type":"product","link":"https:\/\/ftgmoheda.com\/sv\/produkt\/ehc-ventil-med-minispakar-for-kranventil\/","title":{"rendered":"EHC-ventil xCrane med minispakar"},"content":{"rendered":"<p>Med xCrane kan du styra din kran b\u00e5de smart och effektivt. xCrane g\u00e5r att montera p\u00e5 b\u00e5de nya och \u00e4ldre kranar. Styrsystemet hj\u00e4lper dig att maximera precisionen och produktiviteten,<br \/>\noch det \u00e4r ocks\u00e5 enkelt att anv\u00e4nda. Alla v\u00e5ra kranar kan utrustas med Scanreco radiostyrning, separat eller i kombination med xCrane. I kombination med xCrane g\u00f6rs alla inst\u00e4llningar p\u00e5 xCrane-sk\u00e4rmen.<\/p>\n<p>I xCrane PRO ing\u00e5r \u00e4ven kranspetsstyrningen X-ACT<\/p>\n<p>Kontakta din \u00e5terf\u00f6rs\u00e4ljare (eller oss) f\u00f6r offert.<\/p>\n","protected":false},"excerpt":{"rendered":"<p>Med xCrane kan du styra din kran b\u00e5de smart och effektivt. xCrane g\u00e5r att montera p\u00e5 b\u00e5de nya och \u00e4ldre kranar. Styrsystemet hj\u00e4lper dig att maximera precisionen och produktiviteten, och det \u00e4r ocks\u00e5 enkelt att anv\u00e4nda. Alla v\u00e5ra kranar kan utrustas med Scanreco radiostyrning, separat eller i kombination med xCrane. I kombination med xCrane g\u00f6rs [&hellip;]<\/p>\n","protected":false},"featured_media":2269,"comment_status":"closed","ping_status":"closed","template":"","meta":{"_acf_changed":false,"inline_featured_image":false},"product_cat":[34,55],"product_tag":[],"acf":[],"_links":{"self":[{"href":"https:\/\/ftgmoheda.com\/sv\/wp-json\/wp\/v2\/product\/2508"}],"collection":[{"href":"https:\/\/ftgmoheda.com\/sv\/wp-json\/wp\/v2\/product"}],"about":[{"href":"https:\/\/ftgmoheda.com\/sv\/wp-json\/wp\/v2\/types\/product"}],"replies":[{"embeddable":true,"href":"https:\/\/ftgmoheda.com\/sv\/wp-json\/wp\/v2\/comments?post=2508"}],"wp:featuredmedia":[{"embeddable":true,"href":"https:\/\/ftgmoheda.com\/sv\/wp-json\/wp\/v2\/media\/2269"}],"wp:attachment":[{"href":"https:\/\/ftgmoheda.com\/sv\/wp-json\/wp\/v2\/media?parent=2508"}],"wp:term":[{"taxonomy":"product_cat","embeddable":true,"href":"https:\/\/ftgmoheda.com\/sv\/wp-json\/wp\/v2\/product_cat?post=2508"},{"taxonomy":"product_tag","embeddable":true,"href":"https:\/\/ftgmoheda.com\/sv\/wp-json\/wp\/v2\/product_tag?post=2508"}],"curies":[{"name":"wp","href":"https:\/\/api.w.org\/{rel}","templated":true}]}}