{"id":2511,"date":"2024-06-20T12:05:31","date_gmt":"2024-06-20T12:05:31","guid":{"rendered":"https:\/\/ftgmoheda.com\/?post_type=product&#038;p=2511"},"modified":"2024-06-20T12:07:25","modified_gmt":"2024-06-20T12:07:25","slug":"lattviktsventil-med-mekanisk-tvaspak-med-el-on-off","status":"publish","type":"product","link":"https:\/\/ftgmoheda.com\/sv\/produkt\/lattviktsventil-med-mekanisk-tvaspak-med-el-on-off\/","title":{"rendered":"L\u00e4ttviktsventil med mekanisk tv\u00e5spak med el on\/off"},"content":{"rendered":"<p>Kontakta din \u00e5terf\u00f6rs\u00e4ljare (eller oss) f\u00f6r offert.<\/p>\n","protected":false},"excerpt":{"rendered":"<p>Kontakta din \u00e5terf\u00f6rs\u00e4ljare (eller oss) f\u00f6r offert.<\/p>\n","protected":false},"featured_media":2258,"comment_status":"closed","ping_status":"closed","template":"","meta":{"_acf_changed":false,"inline_featured_image":false},"product_cat":[34,55],"product_tag":[],"acf":[],"_links":{"self":[{"href":"https:\/\/ftgmoheda.com\/sv\/wp-json\/wp\/v2\/product\/2511"}],"collection":[{"href":"https:\/\/ftgmoheda.com\/sv\/wp-json\/wp\/v2\/product"}],"about":[{"href":"https:\/\/ftgmoheda.com\/sv\/wp-json\/wp\/v2\/types\/product"}],"replies":[{"embeddable":true,"href":"https:\/\/ftgmoheda.com\/sv\/wp-json\/wp\/v2\/comments?post=2511"}],"wp:featuredmedia":[{"embeddable":true,"href":"https:\/\/ftgmoheda.com\/sv\/wp-json\/wp\/v2\/media\/2258"}],"wp:attachment":[{"href":"https:\/\/ftgmoheda.com\/sv\/wp-json\/wp\/v2\/media?parent=2511"}],"wp:term":[{"taxonomy":"product_cat","embeddable":true,"href":"https:\/\/ftgmoheda.com\/sv\/wp-json\/wp\/v2\/product_cat?post=2511"},{"taxonomy":"product_tag","embeddable":true,"href":"https:\/\/ftgmoheda.com\/sv\/wp-json\/wp\/v2\/product_tag?post=2511"}],"curies":[{"name":"wp","href":"https:\/\/api.w.org\/{rel}","templated":true}]}}