{"id":2515,"date":"2024-06-20T12:05:31","date_gmt":"2024-06-20T10:05:31","guid":{"rendered":"https:\/\/ftgmoheda.com\/?post_type=product&#038;p=2515"},"modified":"2025-10-01T17:53:16","modified_gmt":"2025-10-01T15:53:16","slug":"kugghjulspumpar-och-tank","status":"publish","type":"product","link":"https:\/\/ftgmoheda.com\/sv\/produkt\/kugghjulspumpar-och-tank\/","title":{"rendered":"Kugghjulspumpar och tank"},"content":{"rendered":"<p>Hydrauliska kugghjulspumpar och tank.<\/p>\n<p>70 l\/min &#8211; f\u00f6r Moheda 101 och 101-4WD<\/p>\n<p>90 l\/min &#8211; f\u00f6r Moheda 121, 121-2ND och 121-4WD<\/p>\n<p>Kontakta din \u00e5terf\u00f6rs\u00e4ljare (eller oss) f\u00f6r en offert<\/p>\n","protected":false},"excerpt":{"rendered":"<p>Hydrauliska kugghjulspumpar och tank. 70 l\/min &#8211; f\u00f6r Moheda 101 och 101-4WD 90 l\/min &#8211; f\u00f6r Moheda 121, 121-2ND och 121-4WD Kontakta din \u00e5terf\u00f6rs\u00e4ljare (eller oss) f\u00f6r en offert<\/p>\n","protected":false},"featured_media":2248,"comment_status":"closed","ping_status":"closed","template":"","meta":{"_acf_changed":false,"inline_featured_image":false},"product_cat":[34,56],"product_tag":[],"acf":[],"_links":{"self":[{"href":"https:\/\/ftgmoheda.com\/sv\/wp-json\/wp\/v2\/product\/2515"}],"collection":[{"href":"https:\/\/ftgmoheda.com\/sv\/wp-json\/wp\/v2\/product"}],"about":[{"href":"https:\/\/ftgmoheda.com\/sv\/wp-json\/wp\/v2\/types\/product"}],"replies":[{"embeddable":true,"href":"https:\/\/ftgmoheda.com\/sv\/wp-json\/wp\/v2\/comments?post=2515"}],"wp:featuredmedia":[{"embeddable":true,"href":"https:\/\/ftgmoheda.com\/sv\/wp-json\/wp\/v2\/media\/2248"}],"wp:attachment":[{"href":"https:\/\/ftgmoheda.com\/sv\/wp-json\/wp\/v2\/media?parent=2515"}],"wp:term":[{"taxonomy":"product_cat","embeddable":true,"href":"https:\/\/ftgmoheda.com\/sv\/wp-json\/wp\/v2\/product_cat?post=2515"},{"taxonomy":"product_tag","embeddable":true,"href":"https:\/\/ftgmoheda.com\/sv\/wp-json\/wp\/v2\/product_tag?post=2515"}],"curies":[{"name":"wp","href":"https:\/\/api.w.org\/{rel}","templated":true}]}}