{"id":2516,"date":"2024-06-20T12:05:31","date_gmt":"2024-06-20T10:05:31","guid":{"rendered":"https:\/\/ftgmoheda.com\/?post_type=product&#038;p=2516"},"modified":"2024-10-07T16:28:34","modified_gmt":"2024-10-07T14:28:34","slug":"extrabanke-inkl-stottor-moheda-m91-med-bakljus","status":"publish","type":"product","link":"https:\/\/ftgmoheda.com\/sv\/produkt\/extrabanke-inkl-stottor-moheda-m91-med-bakljus\/","title":{"rendered":"Extrabanke inkl st\u00f6ttor (Moheda M91 med bakljus)"},"content":{"rendered":"<p>Extrabanke med st\u00f6ttor f\u00f6r Moheda M91 med bakljus.<\/p>\n","protected":false},"excerpt":{"rendered":"<p>Extrabanke med st\u00f6ttor f\u00f6r Moheda M91 med bakljus.<\/p>\n","protected":false},"featured_media":2224,"comment_status":"closed","ping_status":"closed","template":"","meta":{"_acf_changed":false,"inline_featured_image":false},"product_cat":[34,51],"product_tag":[],"acf":[],"_links":{"self":[{"href":"https:\/\/ftgmoheda.com\/sv\/wp-json\/wp\/v2\/product\/2516"}],"collection":[{"href":"https:\/\/ftgmoheda.com\/sv\/wp-json\/wp\/v2\/product"}],"about":[{"href":"https:\/\/ftgmoheda.com\/sv\/wp-json\/wp\/v2\/types\/product"}],"replies":[{"embeddable":true,"href":"https:\/\/ftgmoheda.com\/sv\/wp-json\/wp\/v2\/comments?post=2516"}],"wp:featuredmedia":[{"embeddable":true,"href":"https:\/\/ftgmoheda.com\/sv\/wp-json\/wp\/v2\/media\/2224"}],"wp:attachment":[{"href":"https:\/\/ftgmoheda.com\/sv\/wp-json\/wp\/v2\/media?parent=2516"}],"wp:term":[{"taxonomy":"product_cat","embeddable":true,"href":"https:\/\/ftgmoheda.com\/sv\/wp-json\/wp\/v2\/product_cat?post=2516"},{"taxonomy":"product_tag","embeddable":true,"href":"https:\/\/ftgmoheda.com\/sv\/wp-json\/wp\/v2\/product_tag?post=2516"}],"curies":[{"name":"wp","href":"https:\/\/api.w.org\/{rel}","templated":true}]}}