{"id":2522,"date":"2024-06-20T12:05:30","date_gmt":"2024-06-20T10:05:30","guid":{"rendered":"https:\/\/ftgmoheda.com\/?post_type=product&#038;p=2522"},"modified":"2025-12-18T09:40:16","modified_gmt":"2025-12-18T07:40:16","slug":"delningsstottor-1-par","status":"publish","type":"product","link":"https:\/\/ftgmoheda.com\/sv\/produkt\/delningsstottor-1-par\/","title":{"rendered":"Delningsst\u00f6ttor (1 par)"},"content":{"rendered":"<p>Delningsst\u00f6ttor f\u00f6r\u00a0 Moheda 121 &#8211; 151 vagnar<\/p>\n","protected":false},"excerpt":{"rendered":"<p>Delningsst\u00f6ttor f\u00f6r\u00a0 Moheda 121 &#8211; 151 vagnar<\/p>\n","protected":false},"featured_media":2206,"comment_status":"closed","ping_status":"closed","template":"","meta":{"_acf_changed":false,"inline_featured_image":false},"product_cat":[34,51],"product_tag":[],"acf":[],"_links":{"self":[{"href":"https:\/\/ftgmoheda.com\/sv\/wp-json\/wp\/v2\/product\/2522"}],"collection":[{"href":"https:\/\/ftgmoheda.com\/sv\/wp-json\/wp\/v2\/product"}],"about":[{"href":"https:\/\/ftgmoheda.com\/sv\/wp-json\/wp\/v2\/types\/product"}],"replies":[{"embeddable":true,"href":"https:\/\/ftgmoheda.com\/sv\/wp-json\/wp\/v2\/comments?post=2522"}],"wp:featuredmedia":[{"embeddable":true,"href":"https:\/\/ftgmoheda.com\/sv\/wp-json\/wp\/v2\/media\/2206"}],"wp:attachment":[{"href":"https:\/\/ftgmoheda.com\/sv\/wp-json\/wp\/v2\/media?parent=2522"}],"wp:term":[{"taxonomy":"product_cat","embeddable":true,"href":"https:\/\/ftgmoheda.com\/sv\/wp-json\/wp\/v2\/product_cat?post=2522"},{"taxonomy":"product_tag","embeddable":true,"href":"https:\/\/ftgmoheda.com\/sv\/wp-json\/wp\/v2\/product_tag?post=2522"}],"curies":[{"name":"wp","href":"https:\/\/api.w.org\/{rel}","templated":true}]}}