{"id":2523,"date":"2024-06-20T12:05:19","date_gmt":"2024-06-20T10:05:19","guid":{"rendered":"https:\/\/ftgmoheda.com\/?post_type=product&#038;p=2523"},"modified":"2025-12-18T09:38:26","modified_gmt":"2025-12-18T07:38:26","slug":"forlangningsstakar-1-par","status":"publish","type":"product","link":"https:\/\/ftgmoheda.com\/sv\/produkt\/forlangningsstakar-1-par\/","title":{"rendered":"F\u00f6rl\u00e4ngningsstakar (1 par)"},"content":{"rendered":"<p>F\u00f6rl\u00e4ngningsstakar.\u00a0 1 par.<\/p>\n<p>F\u00f6r Moheda 101-151 vagnar<\/p>\n","protected":false},"excerpt":{"rendered":"<p>F\u00f6rl\u00e4ngningsstakar.\u00a0 1 par. F\u00f6r Moheda 101-151 vagnar<\/p>\n","protected":false},"featured_media":2197,"comment_status":"closed","ping_status":"closed","template":"","meta":{"_acf_changed":false,"inline_featured_image":false},"product_cat":[34,51],"product_tag":[],"acf":[],"_links":{"self":[{"href":"https:\/\/ftgmoheda.com\/sv\/wp-json\/wp\/v2\/product\/2523"}],"collection":[{"href":"https:\/\/ftgmoheda.com\/sv\/wp-json\/wp\/v2\/product"}],"about":[{"href":"https:\/\/ftgmoheda.com\/sv\/wp-json\/wp\/v2\/types\/product"}],"replies":[{"embeddable":true,"href":"https:\/\/ftgmoheda.com\/sv\/wp-json\/wp\/v2\/comments?post=2523"}],"wp:featuredmedia":[{"embeddable":true,"href":"https:\/\/ftgmoheda.com\/sv\/wp-json\/wp\/v2\/media\/2197"}],"wp:attachment":[{"href":"https:\/\/ftgmoheda.com\/sv\/wp-json\/wp\/v2\/media?parent=2523"}],"wp:term":[{"taxonomy":"product_cat","embeddable":true,"href":"https:\/\/ftgmoheda.com\/sv\/wp-json\/wp\/v2\/product_cat?post=2523"},{"taxonomy":"product_tag","embeddable":true,"href":"https:\/\/ftgmoheda.com\/sv\/wp-json\/wp\/v2\/product_tag?post=2523"}],"curies":[{"name":"wp","href":"https:\/\/api.w.org\/{rel}","templated":true}]}}