{"id":2524,"date":"2024-06-20T12:05:19","date_gmt":"2024-06-20T10:05:19","guid":{"rendered":"https:\/\/ftgmoheda.com\/?post_type=product&#038;p=2524"},"modified":"2024-10-07T16:39:21","modified_gmt":"2024-10-07T14:39:21","slug":"risplatar-galvade","status":"publish","type":"product","link":"https:\/\/ftgmoheda.com\/sv\/produkt\/risplatar-galvade\/","title":{"rendered":"Rispl\u00e5tar &#8211; galvade"},"content":{"rendered":"<p>Insatspl\u00e5tar f\u00f6r transport av ris. L\u00e4mpar sig \u00e4ven f\u00f6r andra l\u00e4tta material som grenar och buskar.<\/p>\n<ul>\n<li>L\u00e4tt att installera<\/li>\n<li>Finns f\u00f6r alla FTG Moheda skogsvagnar<\/li>\n<li>F\u00f6rzinkat material<\/li>\n<\/ul>\n","protected":false},"excerpt":{"rendered":"<p>Insatspl\u00e5tar f\u00f6r transport av ris. L\u00e4mpar sig \u00e4ven f\u00f6r andra l\u00e4tta material som grenar och buskar. L\u00e4tt att installera Finns f\u00f6r alla FTG Moheda skogsvagnar F\u00f6rzinkat material<\/p>\n","protected":false},"featured_media":3368,"comment_status":"closed","ping_status":"closed","template":"","meta":{"_acf_changed":false,"inline_featured_image":false},"product_cat":[34,51],"product_tag":[],"acf":[],"_links":{"self":[{"href":"https:\/\/ftgmoheda.com\/sv\/wp-json\/wp\/v2\/product\/2524"}],"collection":[{"href":"https:\/\/ftgmoheda.com\/sv\/wp-json\/wp\/v2\/product"}],"about":[{"href":"https:\/\/ftgmoheda.com\/sv\/wp-json\/wp\/v2\/types\/product"}],"replies":[{"embeddable":true,"href":"https:\/\/ftgmoheda.com\/sv\/wp-json\/wp\/v2\/comments?post=2524"}],"wp:featuredmedia":[{"embeddable":true,"href":"https:\/\/ftgmoheda.com\/sv\/wp-json\/wp\/v2\/media\/3368"}],"wp:attachment":[{"href":"https:\/\/ftgmoheda.com\/sv\/wp-json\/wp\/v2\/media?parent=2524"}],"wp:term":[{"taxonomy":"product_cat","embeddable":true,"href":"https:\/\/ftgmoheda.com\/sv\/wp-json\/wp\/v2\/product_cat?post=2524"},{"taxonomy":"product_tag","embeddable":true,"href":"https:\/\/ftgmoheda.com\/sv\/wp-json\/wp\/v2\/product_tag?post=2524"}],"curies":[{"name":"wp","href":"https:\/\/api.w.org\/{rel}","templated":true}]}}