{"id":2530,"date":"2024-06-20T12:05:18","date_gmt":"2024-06-20T10:05:18","guid":{"rendered":"https:\/\/ftgmoheda.com\/?post_type=product&#038;p=2530"},"modified":"2024-06-20T12:07:54","modified_gmt":"2024-06-20T12:07:54","slug":"brytblock-hangande","status":"publish","type":"product","link":"https:\/\/ftgmoheda.com\/sv\/produkt\/brytblock-hangande\/","title":{"rendered":"Brytblock h\u00e4ngande"},"content":{"rendered":"<p>F\u00f6r montering p\u00e5 kran vid kranmonterad vinsch<\/p>\n<p>Passar alla kranar<\/p>\n","protected":false},"excerpt":{"rendered":"<p>F\u00f6r montering p\u00e5 kran vid kranmonterad vinsch Passar alla kranar<\/p>\n","protected":false},"featured_media":2149,"comment_status":"closed","ping_status":"closed","template":"","meta":{"_acf_changed":false,"inline_featured_image":false},"product_cat":[34,57],"product_tag":[],"acf":[],"_links":{"self":[{"href":"https:\/\/ftgmoheda.com\/sv\/wp-json\/wp\/v2\/product\/2530"}],"collection":[{"href":"https:\/\/ftgmoheda.com\/sv\/wp-json\/wp\/v2\/product"}],"about":[{"href":"https:\/\/ftgmoheda.com\/sv\/wp-json\/wp\/v2\/types\/product"}],"replies":[{"embeddable":true,"href":"https:\/\/ftgmoheda.com\/sv\/wp-json\/wp\/v2\/comments?post=2530"}],"wp:featuredmedia":[{"embeddable":true,"href":"https:\/\/ftgmoheda.com\/sv\/wp-json\/wp\/v2\/media\/2149"}],"wp:attachment":[{"href":"https:\/\/ftgmoheda.com\/sv\/wp-json\/wp\/v2\/media?parent=2530"}],"wp:term":[{"taxonomy":"product_cat","embeddable":true,"href":"https:\/\/ftgmoheda.com\/sv\/wp-json\/wp\/v2\/product_cat?post=2530"},{"taxonomy":"product_tag","embeddable":true,"href":"https:\/\/ftgmoheda.com\/sv\/wp-json\/wp\/v2\/product_tag?post=2530"}],"curies":[{"name":"wp","href":"https:\/\/api.w.org\/{rel}","templated":true}]}}