{"id":2531,"date":"2024-06-20T12:05:18","date_gmt":"2024-06-20T10:05:18","guid":{"rendered":"https:\/\/ftgmoheda.com\/?post_type=product&#038;p=2531"},"modified":"2024-06-20T12:07:55","modified_gmt":"2024-06-20T12:07:55","slug":"brytblock-oppet","status":"publish","type":"product","link":"https:\/\/ftgmoheda.com\/sv\/produkt\/brytblock-oppet\/","title":{"rendered":"Brytblock \u00f6ppet"},"content":{"rendered":"<p>\u00d6ppet brytblock. Ett brytblock som monteras p\u00e5 kranarmen d\u00e4r vajern kan l\u00e4ggas i vid behov om vinschen sitter monterad p\u00e5 vagnen.<\/p>\n","protected":false},"excerpt":{"rendered":"<p>\u00d6ppet brytblock. Ett brytblock som monteras p\u00e5 kranarmen d\u00e4r vajern kan l\u00e4ggas i vid behov om vinschen sitter monterad p\u00e5 vagnen.<\/p>\n","protected":false},"featured_media":2146,"comment_status":"closed","ping_status":"closed","template":"","meta":{"_acf_changed":false,"inline_featured_image":false},"product_cat":[34,57],"product_tag":[],"acf":[],"_links":{"self":[{"href":"https:\/\/ftgmoheda.com\/sv\/wp-json\/wp\/v2\/product\/2531"}],"collection":[{"href":"https:\/\/ftgmoheda.com\/sv\/wp-json\/wp\/v2\/product"}],"about":[{"href":"https:\/\/ftgmoheda.com\/sv\/wp-json\/wp\/v2\/types\/product"}],"replies":[{"embeddable":true,"href":"https:\/\/ftgmoheda.com\/sv\/wp-json\/wp\/v2\/comments?post=2531"}],"wp:featuredmedia":[{"embeddable":true,"href":"https:\/\/ftgmoheda.com\/sv\/wp-json\/wp\/v2\/media\/2146"}],"wp:attachment":[{"href":"https:\/\/ftgmoheda.com\/sv\/wp-json\/wp\/v2\/media?parent=2531"}],"wp:term":[{"taxonomy":"product_cat","embeddable":true,"href":"https:\/\/ftgmoheda.com\/sv\/wp-json\/wp\/v2\/product_cat?post=2531"},{"taxonomy":"product_tag","embeddable":true,"href":"https:\/\/ftgmoheda.com\/sv\/wp-json\/wp\/v2\/product_tag?post=2531"}],"curies":[{"name":"wp","href":"https:\/\/api.w.org\/{rel}","templated":true}]}}