{"id":2532,"date":"2024-06-20T12:05:18","date_gmt":"2024-06-20T10:05:18","guid":{"rendered":"https:\/\/ftgmoheda.com\/?post_type=product&#038;p=2532"},"modified":"2024-06-20T12:07:57","modified_gmt":"2024-06-20T12:07:57","slug":"radiostyrning-for-vinsch","status":"publish","type":"product","link":"https:\/\/ftgmoheda.com\/sv\/produkt\/radiostyrning-for-vinsch\/","title":{"rendered":"Radiostyrning f\u00f6r vinsch"},"content":{"rendered":"<p>Paket med vinschventil och radiostyrning f\u00f6r v\u00e5ra hydrauliska vinschar<\/p>\n","protected":false},"excerpt":{"rendered":"<p>Paket med vinschventil och radiostyrning f\u00f6r v\u00e5ra hydrauliska vinschar<\/p>\n","protected":false},"featured_media":2143,"comment_status":"closed","ping_status":"closed","template":"","meta":{"_acf_changed":false,"inline_featured_image":false},"product_cat":[34,57],"product_tag":[],"acf":[],"_links":{"self":[{"href":"https:\/\/ftgmoheda.com\/sv\/wp-json\/wp\/v2\/product\/2532"}],"collection":[{"href":"https:\/\/ftgmoheda.com\/sv\/wp-json\/wp\/v2\/product"}],"about":[{"href":"https:\/\/ftgmoheda.com\/sv\/wp-json\/wp\/v2\/types\/product"}],"replies":[{"embeddable":true,"href":"https:\/\/ftgmoheda.com\/sv\/wp-json\/wp\/v2\/comments?post=2532"}],"wp:featuredmedia":[{"embeddable":true,"href":"https:\/\/ftgmoheda.com\/sv\/wp-json\/wp\/v2\/media\/2143"}],"wp:attachment":[{"href":"https:\/\/ftgmoheda.com\/sv\/wp-json\/wp\/v2\/media?parent=2532"}],"wp:term":[{"taxonomy":"product_cat","embeddable":true,"href":"https:\/\/ftgmoheda.com\/sv\/wp-json\/wp\/v2\/product_cat?post=2532"},{"taxonomy":"product_tag","embeddable":true,"href":"https:\/\/ftgmoheda.com\/sv\/wp-json\/wp\/v2\/product_tag?post=2532"}],"curies":[{"name":"wp","href":"https:\/\/api.w.org\/{rel}","templated":true}]}}