{"id":2540,"date":"2024-06-20T12:05:17","date_gmt":"2024-06-20T12:05:17","guid":{"rendered":"https:\/\/ftgmoheda.com\/?post_type=product&#038;p=2540"},"modified":"2024-06-20T12:07:59","modified_gmt":"2024-06-20T12:07:59","slug":"rotator-cr-400-f-2","status":"publish","type":"product","link":"https:\/\/ftgmoheda.com\/sv\/produkt\/rotator-cr-400-f-2\/","title":{"rendered":"Rotator CR 400 F"},"content":{"rendered":"<p>En effektiv runtomsv\u00e4ngande hydraulisk rotator fr\u00e5n Finn-rotor som i storlek passar de flesta av v\u00e5ra kranar. Passar Fl\u00e4nsmonterade gripar. <\/p>\n","protected":false},"excerpt":{"rendered":"<p>En effektiv runtomsv\u00e4ngande hydraulisk rotator fr\u00e5n Finn-rotor som i storlek passar de flesta av v\u00e5ra kranar. Passar Fl\u00e4nsmonterade gripar.<\/p>\n","protected":false},"featured_media":2117,"comment_status":"closed","ping_status":"closed","template":"","meta":{"_acf_changed":false,"inline_featured_image":false},"product_cat":[54],"product_tag":[],"acf":[],"_links":{"self":[{"href":"https:\/\/ftgmoheda.com\/sv\/wp-json\/wp\/v2\/product\/2540"}],"collection":[{"href":"https:\/\/ftgmoheda.com\/sv\/wp-json\/wp\/v2\/product"}],"about":[{"href":"https:\/\/ftgmoheda.com\/sv\/wp-json\/wp\/v2\/types\/product"}],"replies":[{"embeddable":true,"href":"https:\/\/ftgmoheda.com\/sv\/wp-json\/wp\/v2\/comments?post=2540"}],"wp:featuredmedia":[{"embeddable":true,"href":"https:\/\/ftgmoheda.com\/sv\/wp-json\/wp\/v2\/media\/2117"}],"wp:attachment":[{"href":"https:\/\/ftgmoheda.com\/sv\/wp-json\/wp\/v2\/media?parent=2540"}],"wp:term":[{"taxonomy":"product_cat","embeddable":true,"href":"https:\/\/ftgmoheda.com\/sv\/wp-json\/wp\/v2\/product_cat?post=2540"},{"taxonomy":"product_tag","embeddable":true,"href":"https:\/\/ftgmoheda.com\/sv\/wp-json\/wp\/v2\/product_tag?post=2540"}],"curies":[{"name":"wp","href":"https:\/\/api.w.org\/{rel}","templated":true}]}}