{"id":2552,"date":"2024-06-20T12:05:17","date_gmt":"2024-06-20T12:05:17","guid":{"rendered":"https:\/\/ftgmoheda.com\/?post_type=product&#038;p=2552"},"modified":"2024-06-20T12:08:00","modified_gmt":"2024-06-20T12:08:00","slug":"rotator-cr-400-2","status":"publish","type":"product","link":"https:\/\/ftgmoheda.com\/sv\/produkt\/rotator-cr-400-2\/","title":{"rendered":"Rotator CR 400"},"content":{"rendered":"<p>En effektiv runtomsv\u00e4ngande hydraulisk rotator fr\u00e5n Finn-rotor som i storlek passar de flesta av v\u00e5ra kranar. Passar gripar med 59 mm hylsa.<\/p>\n","protected":false},"excerpt":{"rendered":"<p>En effektiv runtomsv\u00e4ngande hydraulisk rotator fr\u00e5n Finn-rotor som i storlek passar de flesta av v\u00e5ra kranar. Passar gripar med 59 mm hylsa.<\/p>\n","protected":false},"featured_media":2114,"comment_status":"closed","ping_status":"closed","template":"","meta":{"_acf_changed":false,"inline_featured_image":false},"product_cat":[54],"product_tag":[],"acf":[],"_links":{"self":[{"href":"https:\/\/ftgmoheda.com\/sv\/wp-json\/wp\/v2\/product\/2552"}],"collection":[{"href":"https:\/\/ftgmoheda.com\/sv\/wp-json\/wp\/v2\/product"}],"about":[{"href":"https:\/\/ftgmoheda.com\/sv\/wp-json\/wp\/v2\/types\/product"}],"replies":[{"embeddable":true,"href":"https:\/\/ftgmoheda.com\/sv\/wp-json\/wp\/v2\/comments?post=2552"}],"wp:featuredmedia":[{"embeddable":true,"href":"https:\/\/ftgmoheda.com\/sv\/wp-json\/wp\/v2\/media\/2114"}],"wp:attachment":[{"href":"https:\/\/ftgmoheda.com\/sv\/wp-json\/wp\/v2\/media?parent=2552"}],"wp:term":[{"taxonomy":"product_cat","embeddable":true,"href":"https:\/\/ftgmoheda.com\/sv\/wp-json\/wp\/v2\/product_cat?post=2552"},{"taxonomy":"product_tag","embeddable":true,"href":"https:\/\/ftgmoheda.com\/sv\/wp-json\/wp\/v2\/product_tag?post=2552"}],"curies":[{"name":"wp","href":"https:\/\/api.w.org\/{rel}","templated":true}]}}