{"id":2554,"date":"2024-06-20T12:05:17","date_gmt":"2024-06-20T10:05:17","guid":{"rendered":"https:\/\/ftgmoheda.com\/?post_type=product&#038;p=2554"},"modified":"2024-08-14T09:34:22","modified_gmt":"2024-08-14T07:34:22","slug":"adapterplatta-49-mm-till-59-mm-axel-2","status":"publish","type":"product","link":"https:\/\/ftgmoheda.com\/sv\/produkt\/adapterplatta-49-mm-till-59-mm-axel-2\/","title":{"rendered":"Adapter 49 mm till 59 mm axel"},"content":{"rendered":"<p>Adapter f\u00f6r att g\u00e5 upp p\u00e5 axeltappens storlek p\u00e5 rotatorn<\/p>\n","protected":false},"excerpt":{"rendered":"<p>Adapter f\u00f6r att g\u00e5 upp p\u00e5 axeltappens storlek p\u00e5 rotatorn<\/p>\n","protected":false},"featured_media":2113,"comment_status":"closed","ping_status":"closed","template":"","meta":{"_acf_changed":false,"inline_featured_image":false},"product_cat":[34,53],"product_tag":[],"acf":[],"_links":{"self":[{"href":"https:\/\/ftgmoheda.com\/sv\/wp-json\/wp\/v2\/product\/2554"}],"collection":[{"href":"https:\/\/ftgmoheda.com\/sv\/wp-json\/wp\/v2\/product"}],"about":[{"href":"https:\/\/ftgmoheda.com\/sv\/wp-json\/wp\/v2\/types\/product"}],"replies":[{"embeddable":true,"href":"https:\/\/ftgmoheda.com\/sv\/wp-json\/wp\/v2\/comments?post=2554"}],"wp:featuredmedia":[{"embeddable":true,"href":"https:\/\/ftgmoheda.com\/sv\/wp-json\/wp\/v2\/media\/2113"}],"wp:attachment":[{"href":"https:\/\/ftgmoheda.com\/sv\/wp-json\/wp\/v2\/media?parent=2554"}],"wp:term":[{"taxonomy":"product_cat","embeddable":true,"href":"https:\/\/ftgmoheda.com\/sv\/wp-json\/wp\/v2\/product_cat?post=2554"},{"taxonomy":"product_tag","embeddable":true,"href":"https:\/\/ftgmoheda.com\/sv\/wp-json\/wp\/v2\/product_tag?post=2554"}],"curies":[{"name":"wp","href":"https:\/\/api.w.org\/{rel}","templated":true}]}}