{"id":2558,"date":"2024-06-20T12:05:08","date_gmt":"2024-06-20T10:05:08","guid":{"rendered":"https:\/\/ftgmoheda.com\/?post_type=product&#038;p=2558"},"modified":"2024-06-20T12:08:03","modified_gmt":"2024-06-20T12:08:03","slug":"gripskopa-fb120v","status":"publish","type":"product","link":"https:\/\/ftgmoheda.com\/sv\/produkt\/gripskopa-fb120v\/","title":{"rendered":"Gripskopa FB120V"},"content":{"rendered":"<p>FB120V en dikesprofilskopa med V-form och utbytbara t\u00e4nder. Passar de flesta kranar. Fl\u00e4nsmonterad adapterplatta ing\u00e5r 49 alt 59 mm<\/p>\n<p>Bredd V-form \u2013 Vikt 125 kg<\/p>\n","protected":false},"excerpt":{"rendered":"<p>FB120V en dikesprofilskopa med V-form och utbytbara t\u00e4nder. Passar de flesta kranar. Fl\u00e4nsmonterad adapterplatta ing\u00e5r 49 alt 59 mm Bredd V-form \u2013 Vikt 125 kg<\/p>\n","protected":false},"featured_media":2104,"comment_status":"closed","ping_status":"closed","template":"","meta":{"_acf_changed":false,"inline_featured_image":false},"product_cat":[34,53],"product_tag":[],"acf":[],"_links":{"self":[{"href":"https:\/\/ftgmoheda.com\/sv\/wp-json\/wp\/v2\/product\/2558"}],"collection":[{"href":"https:\/\/ftgmoheda.com\/sv\/wp-json\/wp\/v2\/product"}],"about":[{"href":"https:\/\/ftgmoheda.com\/sv\/wp-json\/wp\/v2\/types\/product"}],"replies":[{"embeddable":true,"href":"https:\/\/ftgmoheda.com\/sv\/wp-json\/wp\/v2\/comments?post=2558"}],"wp:featuredmedia":[{"embeddable":true,"href":"https:\/\/ftgmoheda.com\/sv\/wp-json\/wp\/v2\/media\/2104"}],"wp:attachment":[{"href":"https:\/\/ftgmoheda.com\/sv\/wp-json\/wp\/v2\/media?parent=2558"}],"wp:term":[{"taxonomy":"product_cat","embeddable":true,"href":"https:\/\/ftgmoheda.com\/sv\/wp-json\/wp\/v2\/product_cat?post=2558"},{"taxonomy":"product_tag","embeddable":true,"href":"https:\/\/ftgmoheda.com\/sv\/wp-json\/wp\/v2\/product_tag?post=2558"}],"curies":[{"name":"wp","href":"https:\/\/api.w.org\/{rel}","templated":true}]}}