{"id":2561,"date":"2024-06-20T12:05:08","date_gmt":"2024-06-20T10:05:08","guid":{"rendered":"https:\/\/ftgmoheda.com\/?post_type=product&#038;p=2561"},"modified":"2024-08-14T09:36:48","modified_gmt":"2024-08-14T07:36:48","slug":"risgrip-tg22-pro-sr4-2","status":"publish","type":"product","link":"https:\/\/ftgmoheda.com\/sv\/produkt\/risgrip-tg22-pro-sr4-2\/","title":{"rendered":"Risgrip TG22 Pro SR4"},"content":{"rendered":"<p>TG22SR \u00e4r en mycket stark och popul\u00e4r risgrip f\u00f6r de medelstora och st\u00f6rre kranarna. Fl\u00e4nsmonterad\/adapterplatta kr\u00e4vs. Passar Moheda\u00a0<a href=\"https:\/\/ftgmoheda.com\/sv\/produkt\/skogskran-k41t\/\">K41T<\/a>, M40,\u00a0<a href=\"https:\/\/ftgmoheda.com\/sv\/produkt\/skogskran-m41t\/\">M41T<\/a>, M50,\u00a0<a href=\"https:\/\/ftgmoheda.com\/sv\/produkt\/skogskran-m51t\/\">M51T<\/a>, M60, M65, M70, M75.<\/p>\n","protected":false},"excerpt":{"rendered":"<p>TG22SR \u00e4r en mycket stark och popul\u00e4r risgrip f\u00f6r de medelstora och st\u00f6rre kranarna. Fl\u00e4nsmonterad\/adapterplatta kr\u00e4vs. Passar Moheda\u00a0K41T, M40,\u00a0M41T, M50,\u00a0M51T, M60, M65, M70, M75.<\/p>\n","protected":false},"featured_media":2098,"comment_status":"closed","ping_status":"closed","template":"","meta":{"_acf_changed":false,"inline_featured_image":false},"product_cat":[34,53],"product_tag":[],"acf":[],"_links":{"self":[{"href":"https:\/\/ftgmoheda.com\/sv\/wp-json\/wp\/v2\/product\/2561"}],"collection":[{"href":"https:\/\/ftgmoheda.com\/sv\/wp-json\/wp\/v2\/product"}],"about":[{"href":"https:\/\/ftgmoheda.com\/sv\/wp-json\/wp\/v2\/types\/product"}],"replies":[{"embeddable":true,"href":"https:\/\/ftgmoheda.com\/sv\/wp-json\/wp\/v2\/comments?post=2561"}],"wp:featuredmedia":[{"embeddable":true,"href":"https:\/\/ftgmoheda.com\/sv\/wp-json\/wp\/v2\/media\/2098"}],"wp:attachment":[{"href":"https:\/\/ftgmoheda.com\/sv\/wp-json\/wp\/v2\/media?parent=2561"}],"wp:term":[{"taxonomy":"product_cat","embeddable":true,"href":"https:\/\/ftgmoheda.com\/sv\/wp-json\/wp\/v2\/product_cat?post=2561"},{"taxonomy":"product_tag","embeddable":true,"href":"https:\/\/ftgmoheda.com\/sv\/wp-json\/wp\/v2\/product_tag?post=2561"}],"curies":[{"name":"wp","href":"https:\/\/api.w.org\/{rel}","templated":true}]}}