{"id":2563,"date":"2024-06-20T12:05:07","date_gmt":"2024-06-20T10:05:07","guid":{"rendered":"https:\/\/ftgmoheda.com\/?post_type=product&#038;p=2563"},"modified":"2024-08-14T09:48:12","modified_gmt":"2024-08-14T07:48:12","slug":"risgrip-g210sr-2","status":"publish","type":"product","link":"https:\/\/ftgmoheda.com\/sv\/produkt\/risgrip-g210sr-2\/","title":{"rendered":"Risgrip G210SR"},"content":{"rendered":"<p>G210SR \u00e4r en popul\u00e4r risgrip f\u00f6r de medelstora och st\u00f6rre kranarna. Axeltapp 49 alt 59 mm. Passar Moheda K35,\u00a0<a href=\"https:\/\/ftgmoheda.com\/sv\/produkt\/skogskran-k41t\/\">K41T<\/a>, M40,\u00a0<a href=\"https:\/\/ftgmoheda.com\/sv\/produkt\/skogskran-m41t\/\" target=\"_blank\" rel=\"noopener\">M41T<\/a>,\u00a0 M50,\u00a0<a href=\"https:\/\/ftgmoheda.com\/sv\/produkt\/skogskran-m51t\/\">M51T<\/a>, M60<\/p>\n","protected":false},"excerpt":{"rendered":"<p>G210SR \u00e4r en popul\u00e4r risgrip f\u00f6r de medelstora och st\u00f6rre kranarna. Axeltapp 49 alt 59 mm. Passar Moheda K35,\u00a0K41T, M40,\u00a0M41T,\u00a0 M50,\u00a0M51T, M60<\/p>\n","protected":false},"featured_media":2092,"comment_status":"closed","ping_status":"closed","template":"","meta":{"_acf_changed":false,"inline_featured_image":false},"product_cat":[34,53],"product_tag":[],"acf":[],"_links":{"self":[{"href":"https:\/\/ftgmoheda.com\/sv\/wp-json\/wp\/v2\/product\/2563"}],"collection":[{"href":"https:\/\/ftgmoheda.com\/sv\/wp-json\/wp\/v2\/product"}],"about":[{"href":"https:\/\/ftgmoheda.com\/sv\/wp-json\/wp\/v2\/types\/product"}],"replies":[{"embeddable":true,"href":"https:\/\/ftgmoheda.com\/sv\/wp-json\/wp\/v2\/comments?post=2563"}],"wp:featuredmedia":[{"embeddable":true,"href":"https:\/\/ftgmoheda.com\/sv\/wp-json\/wp\/v2\/media\/2092"}],"wp:attachment":[{"href":"https:\/\/ftgmoheda.com\/sv\/wp-json\/wp\/v2\/media?parent=2563"}],"wp:term":[{"taxonomy":"product_cat","embeddable":true,"href":"https:\/\/ftgmoheda.com\/sv\/wp-json\/wp\/v2\/product_cat?post=2563"},{"taxonomy":"product_tag","embeddable":true,"href":"https:\/\/ftgmoheda.com\/sv\/wp-json\/wp\/v2\/product_tag?post=2563"}],"curies":[{"name":"wp","href":"https:\/\/api.w.org\/{rel}","templated":true}]}}