{"id":2564,"date":"2024-06-20T12:05:07","date_gmt":"2024-06-20T10:05:07","guid":{"rendered":"https:\/\/ftgmoheda.com\/?post_type=product&#038;p=2564"},"modified":"2024-06-25T20:45:42","modified_gmt":"2024-06-25T18:45:42","slug":"risgrip-hsp-020-bio","status":"publish","type":"product","link":"https:\/\/ftgmoheda.com\/sv\/produkt\/risgrip-hsp-020-bio\/","title":{"rendered":"Risgrip HSP 020 BIO"},"content":{"rendered":"<p>HSP 020 BIO \u00e4r en risgrip framtagen f\u00f6r snabb och enkel hantering av ris, grot och annat som ska huggas till br\u00e4nsleflis. BIO bygger p\u00e5 samma grund som Standard men har dubbla materialtjockleken i klorna anpassad f\u00f6r de mindre och mellanstora kranarna. Fl\u00e4nsmonterad\/adapterplatta kr\u00e4vs. Passar Moheda M50,\u00a0<a href=\"https:\/\/ftgmoheda.com\/sv\/produkt\/skogskran-m51t\/\">M51T<\/a>, M60 och M65.<\/p>\n","protected":false},"excerpt":{"rendered":"<p>HSP 020 BIO \u00e4r en risgrip framtagen f\u00f6r snabb och enkel hantering av ris, grot och annat som ska huggas till br\u00e4nsleflis. BIO bygger p\u00e5 samma grund som Standard men har dubbla materialtjockleken i klorna anpassad f\u00f6r de mindre och mellanstora kranarna. Fl\u00e4nsmonterad\/adapterplatta kr\u00e4vs. Passar Moheda M50,\u00a0M51T, M60 och M65.<\/p>\n","protected":false},"featured_media":2089,"comment_status":"closed","ping_status":"closed","template":"","meta":{"_acf_changed":false,"inline_featured_image":false},"product_cat":[34,53],"product_tag":[],"acf":[],"_links":{"self":[{"href":"https:\/\/ftgmoheda.com\/sv\/wp-json\/wp\/v2\/product\/2564"}],"collection":[{"href":"https:\/\/ftgmoheda.com\/sv\/wp-json\/wp\/v2\/product"}],"about":[{"href":"https:\/\/ftgmoheda.com\/sv\/wp-json\/wp\/v2\/types\/product"}],"replies":[{"embeddable":true,"href":"https:\/\/ftgmoheda.com\/sv\/wp-json\/wp\/v2\/comments?post=2564"}],"wp:featuredmedia":[{"embeddable":true,"href":"https:\/\/ftgmoheda.com\/sv\/wp-json\/wp\/v2\/media\/2089"}],"wp:attachment":[{"href":"https:\/\/ftgmoheda.com\/sv\/wp-json\/wp\/v2\/media?parent=2564"}],"wp:term":[{"taxonomy":"product_cat","embeddable":true,"href":"https:\/\/ftgmoheda.com\/sv\/wp-json\/wp\/v2\/product_cat?post=2564"},{"taxonomy":"product_tag","embeddable":true,"href":"https:\/\/ftgmoheda.com\/sv\/wp-json\/wp\/v2\/product_tag?post=2564"}],"curies":[{"name":"wp","href":"https:\/\/api.w.org\/{rel}","templated":true}]}}