{"id":2566,"date":"2024-06-20T12:05:07","date_gmt":"2024-06-20T10:05:07","guid":{"rendered":"https:\/\/ftgmoheda.com\/?post_type=product&#038;p=2566"},"modified":"2024-06-25T20:42:55","modified_gmt":"2024-06-25T18:42:55","slug":"virkesgrip-hsp-017","status":"publish","type":"product","link":"https:\/\/ftgmoheda.com\/sv\/produkt\/virkesgrip-hsp-017\/","title":{"rendered":"Virkesgrip HSP 017"},"content":{"rendered":"<p>Design och utformning av klorna m\u00f6jligg\u00f6r en mjuk inrullning, h\u00f6g fyllnadsgrad och att lasten stannar p\u00e5 plats. Denna grip arbetar snabbt och l\u00e4tt i alla typer av material. Eftersom alla v\u00e5ra gripar \u00e4r l\u00e5gbyggda och relativt l\u00e4tta f\u00e5r du ocks\u00e5 extra lyfth\u00f6jd och enklare transporter. Passar Moheda\u00a0<a href=\"https:\/\/ftgmoheda.com\/sv\/produkt\/skogskran-k41t\/\">K41T<\/a>, M40,\u00a0<a href=\"https:\/\/ftgmoheda.com\/sv\/produkt\/skogskran-m41t\/\">M41T<\/a>, M50 och\u00a0<a href=\"https:\/\/ftgmoheda.com\/sv\/produkt\/skogskran-m51t\/\">M51T<\/a>.<\/p>\n","protected":false},"excerpt":{"rendered":"<p>Design och utformning av klorna m\u00f6jligg\u00f6r en mjuk inrullning, h\u00f6g fyllnadsgrad och att lasten stannar p\u00e5 plats. Denna grip arbetar snabbt och l\u00e4tt i alla typer av material. Eftersom alla v\u00e5ra gripar \u00e4r l\u00e5gbyggda och relativt l\u00e4tta f\u00e5r du ocks\u00e5 extra lyfth\u00f6jd och enklare transporter. Passar Moheda\u00a0K41T, M40,\u00a0M41T, M50 och\u00a0M51T.<\/p>\n","protected":false},"featured_media":2064,"comment_status":"closed","ping_status":"closed","template":"","meta":{"_acf_changed":false,"inline_featured_image":false},"product_cat":[34,53],"product_tag":[],"acf":[],"_links":{"self":[{"href":"https:\/\/ftgmoheda.com\/sv\/wp-json\/wp\/v2\/product\/2566"}],"collection":[{"href":"https:\/\/ftgmoheda.com\/sv\/wp-json\/wp\/v2\/product"}],"about":[{"href":"https:\/\/ftgmoheda.com\/sv\/wp-json\/wp\/v2\/types\/product"}],"replies":[{"embeddable":true,"href":"https:\/\/ftgmoheda.com\/sv\/wp-json\/wp\/v2\/comments?post=2566"}],"wp:featuredmedia":[{"embeddable":true,"href":"https:\/\/ftgmoheda.com\/sv\/wp-json\/wp\/v2\/media\/2064"}],"wp:attachment":[{"href":"https:\/\/ftgmoheda.com\/sv\/wp-json\/wp\/v2\/media?parent=2566"}],"wp:term":[{"taxonomy":"product_cat","embeddable":true,"href":"https:\/\/ftgmoheda.com\/sv\/wp-json\/wp\/v2\/product_cat?post=2566"},{"taxonomy":"product_tag","embeddable":true,"href":"https:\/\/ftgmoheda.com\/sv\/wp-json\/wp\/v2\/product_tag?post=2566"}],"curies":[{"name":"wp","href":"https:\/\/api.w.org\/{rel}","templated":true}]}}