{"id":2567,"date":"2024-06-20T12:05:07","date_gmt":"2024-06-20T10:05:07","guid":{"rendered":"https:\/\/ftgmoheda.com\/?post_type=product&#038;p=2567"},"modified":"2024-06-25T20:43:46","modified_gmt":"2024-06-25T18:43:46","slug":"virkesgrip-hsp-020","status":"publish","type":"product","link":"https:\/\/ftgmoheda.com\/sv\/produkt\/virkesgrip-hsp-020\/","title":{"rendered":"Virkesgrip HSP 020"},"content":{"rendered":"<p>HSP 020 \u00e4r en grip designad och utformad f\u00f6r en mjuk inrullning anpassad f\u00f6r de mellanstora kranarna. Fl\u00e4nsmonterad\/adapterplatta kr\u00e4vs. Passar Moheda M50,\u00a0<a href=\"https:\/\/ftgmoheda.com\/sv\/produkt\/skogskran-m51t\/\">M51T<\/a>, M60\u00a0ochM65.<\/p>\n","protected":false},"excerpt":{"rendered":"<p>HSP 020 \u00e4r en grip designad och utformad f\u00f6r en mjuk inrullning anpassad f\u00f6r de mellanstora kranarna. Fl\u00e4nsmonterad\/adapterplatta kr\u00e4vs. Passar Moheda M50,\u00a0M51T, M60\u00a0ochM65.<\/p>\n","protected":false},"featured_media":2061,"comment_status":"closed","ping_status":"closed","template":"","meta":{"_acf_changed":false,"inline_featured_image":false},"product_cat":[34,53],"product_tag":[],"acf":[],"_links":{"self":[{"href":"https:\/\/ftgmoheda.com\/sv\/wp-json\/wp\/v2\/product\/2567"}],"collection":[{"href":"https:\/\/ftgmoheda.com\/sv\/wp-json\/wp\/v2\/product"}],"about":[{"href":"https:\/\/ftgmoheda.com\/sv\/wp-json\/wp\/v2\/types\/product"}],"replies":[{"embeddable":true,"href":"https:\/\/ftgmoheda.com\/sv\/wp-json\/wp\/v2\/comments?post=2567"}],"wp:featuredmedia":[{"embeddable":true,"href":"https:\/\/ftgmoheda.com\/sv\/wp-json\/wp\/v2\/media\/2061"}],"wp:attachment":[{"href":"https:\/\/ftgmoheda.com\/sv\/wp-json\/wp\/v2\/media?parent=2567"}],"wp:term":[{"taxonomy":"product_cat","embeddable":true,"href":"https:\/\/ftgmoheda.com\/sv\/wp-json\/wp\/v2\/product_cat?post=2567"},{"taxonomy":"product_tag","embeddable":true,"href":"https:\/\/ftgmoheda.com\/sv\/wp-json\/wp\/v2\/product_tag?post=2567"}],"curies":[{"name":"wp","href":"https:\/\/api.w.org\/{rel}","templated":true}]}}