{"id":2568,"date":"2024-06-20T12:05:07","date_gmt":"2024-06-20T10:05:07","guid":{"rendered":"https:\/\/ftgmoheda.com\/?post_type=product&#038;p=2568"},"modified":"2024-06-25T20:41:46","modified_gmt":"2024-06-25T18:41:46","slug":"virkesgrip-hsp-015","status":"publish","type":"product","link":"https:\/\/ftgmoheda.com\/sv\/produkt\/virkesgrip-hsp-015\/","title":{"rendered":"Virkesgrip HSP 015"},"content":{"rendered":"<p>HSP 015 \u00e4r en grip d\u00e4r design och utformning ger en mjuk inrullning anpassad f\u00f6r de mellanstora kranarna. Fl\u00e4nsmonterad\/adapterplatta kr\u00e4vs. Passar Moheda\u00a0<a href=\"https:\/\/ftgmoheda.com\/sv\/produkt\/skogskran-k41t\/\">K41T<\/a>, M40 och<a href=\"https:\/\/ftgmoheda.com\/sv\/produkt\/skogskran-m41t\/\"> M41T.<\/a><\/p>\n","protected":false},"excerpt":{"rendered":"<p>HSP 015 \u00e4r en grip d\u00e4r design och utformning ger en mjuk inrullning anpassad f\u00f6r de mellanstora kranarna. Fl\u00e4nsmonterad\/adapterplatta kr\u00e4vs. Passar Moheda\u00a0K41T, M40 och M41T.<\/p>\n","protected":false},"featured_media":2058,"comment_status":"closed","ping_status":"closed","template":"","meta":{"_acf_changed":false,"inline_featured_image":false},"product_cat":[34,53],"product_tag":[],"acf":[],"_links":{"self":[{"href":"https:\/\/ftgmoheda.com\/sv\/wp-json\/wp\/v2\/product\/2568"}],"collection":[{"href":"https:\/\/ftgmoheda.com\/sv\/wp-json\/wp\/v2\/product"}],"about":[{"href":"https:\/\/ftgmoheda.com\/sv\/wp-json\/wp\/v2\/types\/product"}],"replies":[{"embeddable":true,"href":"https:\/\/ftgmoheda.com\/sv\/wp-json\/wp\/v2\/comments?post=2568"}],"wp:featuredmedia":[{"embeddable":true,"href":"https:\/\/ftgmoheda.com\/sv\/wp-json\/wp\/v2\/media\/2058"}],"wp:attachment":[{"href":"https:\/\/ftgmoheda.com\/sv\/wp-json\/wp\/v2\/media?parent=2568"}],"wp:term":[{"taxonomy":"product_cat","embeddable":true,"href":"https:\/\/ftgmoheda.com\/sv\/wp-json\/wp\/v2\/product_cat?post=2568"},{"taxonomy":"product_tag","embeddable":true,"href":"https:\/\/ftgmoheda.com\/sv\/wp-json\/wp\/v2\/product_tag?post=2568"}],"curies":[{"name":"wp","href":"https:\/\/api.w.org\/{rel}","templated":true}]}}