{"id":2569,"date":"2024-06-20T12:05:07","date_gmt":"2024-06-20T10:05:07","guid":{"rendered":"https:\/\/ftgmoheda.com\/?post_type=product&#038;p=2569"},"modified":"2024-10-08T14:01:13","modified_gmt":"2024-10-08T12:01:13","slug":"virkesgrip-fb260","status":"publish","type":"product","link":"https:\/\/ftgmoheda.com\/sv\/produkt\/virkesgrip-fb260\/","title":{"rendered":"Virkesgrip FB260"},"content":{"rendered":"<p>FB260 \u00e4r en grip f\u00f6r de st\u00f6rre kranarna. Fl\u00e4nsmonterad\/adapterplatta kr\u00e4vs. Passar Moheda <a href=\"https:\/\/ftgmoheda.com\/sv\/produkt\/skogskran-m41t\/\">M41T<\/a>, <a href=\"https:\/\/ftgmoheda.com\/sv\/produkt\/skogskran-m51t\/\">M51T<\/a>, M60, M65, M70, M75, <a href=\"https:\/\/ftgmoheda.com\/sv\/produkt\/skogskran-m81t\/\">M81T<\/a>, <a href=\"https:\/\/ftgmoheda.com\/sv\/produkt\/skogskran-m81dt\/\">M81DT<\/a>.<\/p>\n","protected":false},"excerpt":{"rendered":"<p>FB260 \u00e4r en grip f\u00f6r de st\u00f6rre kranarna. Fl\u00e4nsmonterad\/adapterplatta kr\u00e4vs. Passar Moheda M41T, M51T, M60, M65, M70, M75, M81T, M81DT.<\/p>\n","protected":false},"featured_media":2055,"comment_status":"closed","ping_status":"closed","template":"","meta":{"_acf_changed":false,"inline_featured_image":false},"product_cat":[34,53],"product_tag":[],"acf":[],"_links":{"self":[{"href":"https:\/\/ftgmoheda.com\/sv\/wp-json\/wp\/v2\/product\/2569"}],"collection":[{"href":"https:\/\/ftgmoheda.com\/sv\/wp-json\/wp\/v2\/product"}],"about":[{"href":"https:\/\/ftgmoheda.com\/sv\/wp-json\/wp\/v2\/types\/product"}],"replies":[{"embeddable":true,"href":"https:\/\/ftgmoheda.com\/sv\/wp-json\/wp\/v2\/comments?post=2569"}],"wp:featuredmedia":[{"embeddable":true,"href":"https:\/\/ftgmoheda.com\/sv\/wp-json\/wp\/v2\/media\/2055"}],"wp:attachment":[{"href":"https:\/\/ftgmoheda.com\/sv\/wp-json\/wp\/v2\/media?parent=2569"}],"wp:term":[{"taxonomy":"product_cat","embeddable":true,"href":"https:\/\/ftgmoheda.com\/sv\/wp-json\/wp\/v2\/product_cat?post=2569"},{"taxonomy":"product_tag","embeddable":true,"href":"https:\/\/ftgmoheda.com\/sv\/wp-json\/wp\/v2\/product_tag?post=2569"}],"curies":[{"name":"wp","href":"https:\/\/api.w.org\/{rel}","templated":true}]}}