{"id":2572,"date":"2024-06-20T12:05:06","date_gmt":"2024-06-20T10:05:06","guid":{"rendered":"https:\/\/ftgmoheda.com\/?post_type=product&#038;p=2572"},"modified":"2024-06-25T20:28:26","modified_gmt":"2024-06-25T18:28:26","slug":"virkesgrip-fb160","status":"publish","type":"product","link":"https:\/\/ftgmoheda.com\/sv\/produkt\/virkesgrip-fb160\/","title":{"rendered":"Virkesgrip FB160"},"content":{"rendered":"<p>En grip f\u00f6r de mindre kranarna och utvecklad f\u00f6r hantering av ved, massaved och l\u00e4ttare timmer.<\/p>\n<p>Gripens ram och armar \u00e4r tillverkade i h\u00f6gkvalitativt st\u00e5lmaterial som s\u00e4kerst\u00e4ller tillf\u00f6rlitlig och s\u00e4ker funktion.<\/p>\n<p>Kraftig konstruktion kombinerad med l\u00e5g vikt \u00e4r viktiga egenskaper som vi tagit h\u00e4nsyn till vid v\u00e5r utveckling av gripar.<\/p>\n<p>FB160 fits Moheda\u00a0\u00a0<a title=\"Moheda K31T\" href=\"https:\/\/ftgmoheda.com\/product\/crane-k31t\/\" data-id=\"7815\">K31T<\/a>.<\/p>\n","protected":false},"excerpt":{"rendered":"<p>En grip f\u00f6r de mindre kranarna och utvecklad f\u00f6r hantering av ved, massaved och l\u00e4ttare timmer. Gripens ram och armar \u00e4r tillverkade i h\u00f6gkvalitativt st\u00e5lmaterial som s\u00e4kerst\u00e4ller tillf\u00f6rlitlig och s\u00e4ker funktion. Kraftig konstruktion kombinerad med l\u00e5g vikt \u00e4r viktiga egenskaper som vi tagit h\u00e4nsyn till vid v\u00e5r utveckling av gripar. FB160 fits Moheda\u00a0\u00a0K31T.<\/p>\n","protected":false},"featured_media":2043,"comment_status":"closed","ping_status":"closed","template":"","meta":{"_acf_changed":false,"inline_featured_image":false},"product_cat":[34,53],"product_tag":[],"acf":[],"_links":{"self":[{"href":"https:\/\/ftgmoheda.com\/sv\/wp-json\/wp\/v2\/product\/2572"}],"collection":[{"href":"https:\/\/ftgmoheda.com\/sv\/wp-json\/wp\/v2\/product"}],"about":[{"href":"https:\/\/ftgmoheda.com\/sv\/wp-json\/wp\/v2\/types\/product"}],"replies":[{"embeddable":true,"href":"https:\/\/ftgmoheda.com\/sv\/wp-json\/wp\/v2\/comments?post=2572"}],"wp:featuredmedia":[{"embeddable":true,"href":"https:\/\/ftgmoheda.com\/sv\/wp-json\/wp\/v2\/media\/2043"}],"wp:attachment":[{"href":"https:\/\/ftgmoheda.com\/sv\/wp-json\/wp\/v2\/media?parent=2572"}],"wp:term":[{"taxonomy":"product_cat","embeddable":true,"href":"https:\/\/ftgmoheda.com\/sv\/wp-json\/wp\/v2\/product_cat?post=2572"},{"taxonomy":"product_tag","embeddable":true,"href":"https:\/\/ftgmoheda.com\/sv\/wp-json\/wp\/v2\/product_tag?post=2572"}],"curies":[{"name":"wp","href":"https:\/\/api.w.org\/{rel}","templated":true}]}}