{"id":2578,"date":"2024-06-20T12:05:06","date_gmt":"2024-06-20T12:05:06","guid":{"rendered":"https:\/\/ftgmoheda.com\/?post_type=product&#038;p=2578"},"modified":"2024-06-20T12:08:11","modified_gmt":"2024-06-20T12:08:11","slug":"nisula-energiklipp-155-e","status":"publish","type":"product","link":"https:\/\/ftgmoheda.com\/sv\/produkt\/nisula-energiklipp-155-e\/","title":{"rendered":"Nisula Energiklipp 155 E"},"content":{"rendered":"<h4>L\u00c4TT ENERGIGRIP<\/h4>\n<p>Modellen 155E \u00e4r en uppdaterad version av den popul\u00e4ra modellen 150E. I modellen 155E har griparmarnas form och bladet f\u00f6rb\u00e4ttrats f\u00f6r att \u00f6ka kapningsprestandan. Gripen har \u00e4ven f\u00e5tt ny f\u00e4rg. Det justerbara blocket underl\u00e4ttar inst\u00e4llning av t\u00e4ltning f\u00f6r olika tryck. 155E \u00e4r ett kostnadseffektivt val f\u00f6r sk\u00f6rdning av energiskog. Tv\u00e5 kloformade armar s\u00e4kerst\u00e4ller att bladen sk\u00e4r igenom alla gripna stammar. Vid lastning trycks gripen v\u00e4l ihop runt energivedsh\u00f6garna. Eftersom de kloformade armarna inte tar med sig stenar eller jord och buntstorleken \u00e4r l\u00e4mplig f\u00f6r de flesta flistuggare \u00e4r 155E \u00e4ven mycket l\u00e4mplig f\u00f6r matning av flistuggare.<\/p>\n<p>Med hj\u00e4lp av adapterserierna, som s\u00e4ljs separat, kan gripen l\u00e4tt anpassas att ers\u00e4tta n\u00e4stan alla virkesgripar. Separata styrsystem och extra slangar beh\u00f6vs inte.<\/p>\n","protected":false},"excerpt":{"rendered":"<p>L\u00c4TT ENERGIGRIP Modellen 155E \u00e4r en uppdaterad version av den popul\u00e4ra modellen 150E. I modellen 155E har griparmarnas form och bladet f\u00f6rb\u00e4ttrats f\u00f6r att \u00f6ka kapningsprestandan. Gripen har \u00e4ven f\u00e5tt ny f\u00e4rg. Det justerbara blocket underl\u00e4ttar inst\u00e4llning av t\u00e4ltning f\u00f6r olika tryck. 155E \u00e4r ett kostnadseffektivt val f\u00f6r sk\u00f6rdning av energiskog. Tv\u00e5 kloformade armar s\u00e4kerst\u00e4ller [&hellip;]<\/p>\n","protected":false},"featured_media":1999,"comment_status":"closed","ping_status":"closed","template":"","meta":{"_acf_changed":false,"inline_featured_image":false},"product_cat":[34,60],"product_tag":[],"acf":[],"_links":{"self":[{"href":"https:\/\/ftgmoheda.com\/sv\/wp-json\/wp\/v2\/product\/2578"}],"collection":[{"href":"https:\/\/ftgmoheda.com\/sv\/wp-json\/wp\/v2\/product"}],"about":[{"href":"https:\/\/ftgmoheda.com\/sv\/wp-json\/wp\/v2\/types\/product"}],"replies":[{"embeddable":true,"href":"https:\/\/ftgmoheda.com\/sv\/wp-json\/wp\/v2\/comments?post=2578"}],"wp:featuredmedia":[{"embeddable":true,"href":"https:\/\/ftgmoheda.com\/sv\/wp-json\/wp\/v2\/media\/1999"}],"wp:attachment":[{"href":"https:\/\/ftgmoheda.com\/sv\/wp-json\/wp\/v2\/media?parent=2578"}],"wp:term":[{"taxonomy":"product_cat","embeddable":true,"href":"https:\/\/ftgmoheda.com\/sv\/wp-json\/wp\/v2\/product_cat?post=2578"},{"taxonomy":"product_tag","embeddable":true,"href":"https:\/\/ftgmoheda.com\/sv\/wp-json\/wp\/v2\/product_tag?post=2578"}],"curies":[{"name":"wp","href":"https:\/\/api.w.org\/{rel}","templated":true}]}}