{"id":2587,"date":"2024-06-20T12:06:09","date_gmt":"2024-06-20T10:06:09","guid":{"rendered":"https:\/\/ftgmoheda.com\/?post_type=product&#038;p=2587"},"modified":"2025-10-01T17:55:20","modified_gmt":"2025-10-01T15:55:20","slug":"kolvpumpar-och-tank","status":"publish","type":"product","link":"https:\/\/ftgmoheda.com\/sv\/produkt\/kolvpumpar-och-tank\/","title":{"rendered":"Kolvpumpar och tank"},"content":{"rendered":"<p>Pump &amp; tank<br \/>\nKolvpump F1 81 med ett fl\u00f6de p\u00e5 81 eller 101 liter\/min vid 1000 varv\/min.<br \/>\nArbetstryck 210 bar. Monterad p\u00e5 kraftuttaget.<\/p>\n<p>81 l\/min &#8211; f\u00f6r Moheda 101 och 101-4WD<\/p>\n<p>101 l\/min &#8211; f\u00f6r Moheda 121, 121-2ND, 121-4WD, 141, 1450-4WD och 151-4WD<\/p>\n<p>Kan monteras p\u00e5 dragst\u00e5ng.<\/p>\n<p>Kontakta din \u00e5terf\u00f6rs\u00e4ljare (eller oss) f\u00f6r offert<\/p>\n","protected":false},"excerpt":{"rendered":"<p>Pump &amp; tank Kolvpump F1 81 med ett fl\u00f6de p\u00e5 81 eller 101 liter\/min vid 1000 varv\/min. Arbetstryck 210 bar. Monterad p\u00e5 kraftuttaget. 81 l\/min &#8211; f\u00f6r Moheda 101 och 101-4WD 101 l\/min &#8211; f\u00f6r Moheda 121, 121-2ND, 121-4WD, 141, 1450-4WD och 151-4WD Kan monteras p\u00e5 dragst\u00e5ng. Kontakta din \u00e5terf\u00f6rs\u00e4ljare (eller oss) f\u00f6r offert<\/p>\n","protected":false},"featured_media":2309,"comment_status":"closed","ping_status":"closed","template":"","meta":{"_acf_changed":false,"inline_featured_image":false},"product_cat":[34,56],"product_tag":[],"acf":[],"_links":{"self":[{"href":"https:\/\/ftgmoheda.com\/sv\/wp-json\/wp\/v2\/product\/2587"}],"collection":[{"href":"https:\/\/ftgmoheda.com\/sv\/wp-json\/wp\/v2\/product"}],"about":[{"href":"https:\/\/ftgmoheda.com\/sv\/wp-json\/wp\/v2\/types\/product"}],"replies":[{"embeddable":true,"href":"https:\/\/ftgmoheda.com\/sv\/wp-json\/wp\/v2\/comments?post=2587"}],"wp:featuredmedia":[{"embeddable":true,"href":"https:\/\/ftgmoheda.com\/sv\/wp-json\/wp\/v2\/media\/2309"}],"wp:attachment":[{"href":"https:\/\/ftgmoheda.com\/sv\/wp-json\/wp\/v2\/media?parent=2587"}],"wp:term":[{"taxonomy":"product_cat","embeddable":true,"href":"https:\/\/ftgmoheda.com\/sv\/wp-json\/wp\/v2\/product_cat?post=2587"},{"taxonomy":"product_tag","embeddable":true,"href":"https:\/\/ftgmoheda.com\/sv\/wp-json\/wp\/v2\/product_tag?post=2587"}],"curies":[{"name":"wp","href":"https:\/\/api.w.org\/{rel}","templated":true}]}}