{"id":2589,"date":"2024-06-20T12:06:09","date_gmt":"2024-06-20T10:06:09","guid":{"rendered":"https:\/\/ftgmoheda.com\/?post_type=product&#038;p=2589"},"modified":"2025-10-01T17:59:03","modified_gmt":"2025-10-01T15:59:03","slug":"ls-pump-och-tank","status":"publish","type":"product","link":"https:\/\/ftgmoheda.com\/sv\/produkt\/ls-pump-och-tank\/","title":{"rendered":"LS-pump och tank"},"content":{"rendered":"<p>LS-pump, 130 l\/min och tank<\/p>\n<p>Endast dragst\u00e5ngsmontering<\/p>\n<p>Passar till: Moheda 121 och 141\/151-vagnar<\/p>\n<p>Kontakta din \u00e5terf\u00f6rs\u00e4ljare (eller oss) f\u00f6r offert<\/p>\n","protected":false},"excerpt":{"rendered":"<p>LS-pump, 130 l\/min och tank Endast dragst\u00e5ngsmontering Passar till: Moheda 121 och 141\/151-vagnar Kontakta din \u00e5terf\u00f6rs\u00e4ljare (eller oss) f\u00f6r offert<\/p>\n","protected":false},"featured_media":2328,"comment_status":"closed","ping_status":"closed","template":"","meta":{"_acf_changed":false,"inline_featured_image":false},"product_cat":[34,56],"product_tag":[],"acf":[],"_links":{"self":[{"href":"https:\/\/ftgmoheda.com\/sv\/wp-json\/wp\/v2\/product\/2589"}],"collection":[{"href":"https:\/\/ftgmoheda.com\/sv\/wp-json\/wp\/v2\/product"}],"about":[{"href":"https:\/\/ftgmoheda.com\/sv\/wp-json\/wp\/v2\/types\/product"}],"replies":[{"embeddable":true,"href":"https:\/\/ftgmoheda.com\/sv\/wp-json\/wp\/v2\/comments?post=2589"}],"wp:featuredmedia":[{"embeddable":true,"href":"https:\/\/ftgmoheda.com\/sv\/wp-json\/wp\/v2\/media\/2328"}],"wp:attachment":[{"href":"https:\/\/ftgmoheda.com\/sv\/wp-json\/wp\/v2\/media?parent=2589"}],"wp:term":[{"taxonomy":"product_cat","embeddable":true,"href":"https:\/\/ftgmoheda.com\/sv\/wp-json\/wp\/v2\/product_cat?post=2589"},{"taxonomy":"product_tag","embeddable":true,"href":"https:\/\/ftgmoheda.com\/sv\/wp-json\/wp\/v2\/product_tag?post=2589"}],"curies":[{"name":"wp","href":"https:\/\/api.w.org\/{rel}","templated":true}]}}