{"id":2623,"date":"2024-06-20T12:06:10","date_gmt":"2024-06-20T10:06:10","guid":{"rendered":"https:\/\/ftgmoheda.com\/?post_type=product&#038;p=2623"},"modified":"2024-06-20T12:08:20","modified_gmt":"2024-06-20T12:08:20","slug":"konsol-for-joystickfaste","status":"publish","type":"product","link":"https:\/\/ftgmoheda.com\/sv\/produkt\/konsol-for-joystickfaste\/","title":{"rendered":"Konsol f\u00f6r joystickf\u00e4ste"},"content":{"rendered":"<p>Joystickf\u00e4ste f\u00f6r PCL och EHC<\/p>\n","protected":false},"excerpt":{"rendered":"<p>Joystickf\u00e4ste f\u00f6r PCL och EHC<\/p>\n","protected":false},"featured_media":2340,"comment_status":"closed","ping_status":"closed","template":"","meta":{"_acf_changed":false,"inline_featured_image":false},"product_cat":[34,55],"product_tag":[],"acf":[],"_links":{"self":[{"href":"https:\/\/ftgmoheda.com\/sv\/wp-json\/wp\/v2\/product\/2623"}],"collection":[{"href":"https:\/\/ftgmoheda.com\/sv\/wp-json\/wp\/v2\/product"}],"about":[{"href":"https:\/\/ftgmoheda.com\/sv\/wp-json\/wp\/v2\/types\/product"}],"replies":[{"embeddable":true,"href":"https:\/\/ftgmoheda.com\/sv\/wp-json\/wp\/v2\/comments?post=2623"}],"wp:featuredmedia":[{"embeddable":true,"href":"https:\/\/ftgmoheda.com\/sv\/wp-json\/wp\/v2\/media\/2340"}],"wp:attachment":[{"href":"https:\/\/ftgmoheda.com\/sv\/wp-json\/wp\/v2\/media?parent=2623"}],"wp:term":[{"taxonomy":"product_cat","embeddable":true,"href":"https:\/\/ftgmoheda.com\/sv\/wp-json\/wp\/v2\/product_cat?post=2623"},{"taxonomy":"product_tag","embeddable":true,"href":"https:\/\/ftgmoheda.com\/sv\/wp-json\/wp\/v2\/product_tag?post=2623"}],"curies":[{"name":"wp","href":"https:\/\/api.w.org\/{rel}","templated":true}]}}