{"id":2624,"date":"2024-06-20T12:06:10","date_gmt":"2024-06-20T12:06:10","guid":{"rendered":"https:\/\/ftgmoheda.com\/?post_type=product&#038;p=2624"},"modified":"2024-06-20T12:08:20","modified_gmt":"2024-06-20T12:08:20","slug":"konsol-for-joystickfaste-valtra-6000","status":"publish","type":"product","link":"https:\/\/ftgmoheda.com\/sv\/produkt\/konsol-for-joystickfaste-valtra-6000\/","title":{"rendered":"Konsol f\u00f6r joystickf\u00e4ste Valtra 6000"},"content":{"rendered":"<p>F\u00f6r Valtra 6000 serie<\/p>\n","protected":false},"excerpt":{"rendered":"<p>F\u00f6r Valtra 6000 serie<\/p>\n","protected":false},"featured_media":2335,"comment_status":"closed","ping_status":"closed","template":"","meta":{"_acf_changed":false,"inline_featured_image":false},"product_cat":[55],"product_tag":[],"acf":[],"_links":{"self":[{"href":"https:\/\/ftgmoheda.com\/sv\/wp-json\/wp\/v2\/product\/2624"}],"collection":[{"href":"https:\/\/ftgmoheda.com\/sv\/wp-json\/wp\/v2\/product"}],"about":[{"href":"https:\/\/ftgmoheda.com\/sv\/wp-json\/wp\/v2\/types\/product"}],"replies":[{"embeddable":true,"href":"https:\/\/ftgmoheda.com\/sv\/wp-json\/wp\/v2\/comments?post=2624"}],"wp:featuredmedia":[{"embeddable":true,"href":"https:\/\/ftgmoheda.com\/sv\/wp-json\/wp\/v2\/media\/2335"}],"wp:attachment":[{"href":"https:\/\/ftgmoheda.com\/sv\/wp-json\/wp\/v2\/media?parent=2624"}],"wp:term":[{"taxonomy":"product_cat","embeddable":true,"href":"https:\/\/ftgmoheda.com\/sv\/wp-json\/wp\/v2\/product_cat?post=2624"},{"taxonomy":"product_tag","embeddable":true,"href":"https:\/\/ftgmoheda.com\/sv\/wp-json\/wp\/v2\/product_tag?post=2624"}],"curies":[{"name":"wp","href":"https:\/\/api.w.org\/{rel}","templated":true}]}}