{"id":2629,"date":"2024-06-20T12:06:10","date_gmt":"2024-06-20T10:06:10","guid":{"rendered":"https:\/\/ftgmoheda.com\/?post_type=product&#038;p=2629"},"modified":"2025-09-01T15:42:22","modified_gmt":"2025-09-01T13:42:22","slug":"stodben-hydrauliska-mowi-850","status":"publish","type":"product","link":"https:\/\/ftgmoheda.com\/sv\/produkt\/stodben-hydrauliska-mowi-850\/","title":{"rendered":"St\u00f6dben hydrauliska Moheda M91"},"content":{"rendered":"<p>Hydrauliska st\u00f6dben till <strong>Moheda M91<\/strong>, f\u00f6r montering p\u00e5 grind, exkl. ventil<\/p>\n","protected":false},"excerpt":{"rendered":"<p>Hydrauliska st\u00f6dben till Moheda M91, f\u00f6r montering p\u00e5 grind, exkl. ventil<\/p>\n","protected":false},"featured_media":2346,"comment_status":"closed","ping_status":"closed","template":"","meta":{"_acf_changed":false,"inline_featured_image":false},"product_cat":[34,51],"product_tag":[],"acf":[],"_links":{"self":[{"href":"https:\/\/ftgmoheda.com\/sv\/wp-json\/wp\/v2\/product\/2629"}],"collection":[{"href":"https:\/\/ftgmoheda.com\/sv\/wp-json\/wp\/v2\/product"}],"about":[{"href":"https:\/\/ftgmoheda.com\/sv\/wp-json\/wp\/v2\/types\/product"}],"replies":[{"embeddable":true,"href":"https:\/\/ftgmoheda.com\/sv\/wp-json\/wp\/v2\/comments?post=2629"}],"wp:featuredmedia":[{"embeddable":true,"href":"https:\/\/ftgmoheda.com\/sv\/wp-json\/wp\/v2\/media\/2346"}],"wp:attachment":[{"href":"https:\/\/ftgmoheda.com\/sv\/wp-json\/wp\/v2\/media?parent=2629"}],"wp:term":[{"taxonomy":"product_cat","embeddable":true,"href":"https:\/\/ftgmoheda.com\/sv\/wp-json\/wp\/v2\/product_cat?post=2629"},{"taxonomy":"product_tag","embeddable":true,"href":"https:\/\/ftgmoheda.com\/sv\/wp-json\/wp\/v2\/product_tag?post=2629"}],"curies":[{"name":"wp","href":"https:\/\/api.w.org\/{rel}","templated":true}]}}