{"id":2631,"date":"2024-06-20T12:06:20","date_gmt":"2024-06-20T10:06:20","guid":{"rendered":"https:\/\/ftgmoheda.com\/?post_type=product&#038;p=2631"},"modified":"2026-02-18T16:33:13","modified_gmt":"2026-02-18T14:33:13","slug":"rotationsstopp-1-par","status":"publish","type":"product","link":"https:\/\/ftgmoheda.com\/sv\/produkt\/rotationsstopp-1-par\/","title":{"rendered":"Rotationsstopp (1 par)"},"content":{"rendered":"<p>Rotationsstopp f\u00f6r f\u00f6rsta staken, f\u00e4stes p\u00e5 grinden.- F\u00f6r Moheda 101-151. Ett par<\/p>\n","protected":false},"excerpt":{"rendered":"<p>Rotationsstopp f\u00f6r f\u00f6rsta staken, f\u00e4stes p\u00e5 grinden.- F\u00f6r Moheda 101-151. Ett par<\/p>\n","protected":false},"featured_media":2349,"comment_status":"closed","ping_status":"closed","template":"","meta":{"_acf_changed":false,"inline_featured_image":false},"product_cat":[34,51],"product_tag":[],"acf":[],"_links":{"self":[{"href":"https:\/\/ftgmoheda.com\/sv\/wp-json\/wp\/v2\/product\/2631"}],"collection":[{"href":"https:\/\/ftgmoheda.com\/sv\/wp-json\/wp\/v2\/product"}],"about":[{"href":"https:\/\/ftgmoheda.com\/sv\/wp-json\/wp\/v2\/types\/product"}],"replies":[{"embeddable":true,"href":"https:\/\/ftgmoheda.com\/sv\/wp-json\/wp\/v2\/comments?post=2631"}],"wp:featuredmedia":[{"embeddable":true,"href":"https:\/\/ftgmoheda.com\/sv\/wp-json\/wp\/v2\/media\/2349"}],"wp:attachment":[{"href":"https:\/\/ftgmoheda.com\/sv\/wp-json\/wp\/v2\/media?parent=2631"}],"wp:term":[{"taxonomy":"product_cat","embeddable":true,"href":"https:\/\/ftgmoheda.com\/sv\/wp-json\/wp\/v2\/product_cat?post=2631"},{"taxonomy":"product_tag","embeddable":true,"href":"https:\/\/ftgmoheda.com\/sv\/wp-json\/wp\/v2\/product_tag?post=2631"}],"curies":[{"name":"wp","href":"https:\/\/api.w.org\/{rel}","templated":true}]}}